{"id":3325,"date":"2025-08-17T05:32:53","date_gmt":"2025-08-17T05:32:53","guid":{"rendered":"https:\/\/kaisaimoto.com\/?post_type=product&#038;p=3325"},"modified":"2025-09-24T10:09:16","modified_gmt":"2025-09-24T10:09:16","slug":"500w-electric-folding-bicycles","status":"publish","type":"product","link":"https:\/\/kaisaimoto.com\/fr\/produit\/500w-electric-folding-bicycles\/","title":{"rendered":"V\u00e9lo \u00e9lectrique urbain 500 W, v\u00e9lo \u00e9lectrique pliable"},"content":{"rendered":"<h2 title=\"V\u00e9lo \u00e9lectrique urbain pliable haute puissance 500 W pour adultes, \u00e0 gros pneus, id\u00e9al pour les adultes.\" data-spm-anchor-id=\"a2700.details.0.i106.2a8344a7aBtKmH\"><strong>V\u00e9lo \u00e9lectrique urbain pliable haute puissance 500 W pour adultes, \u00e0 gros pneus, id\u00e9al pour les adultes.<\/strong><\/h2>\n<p><span class=\"magic-28\">Emballage carton, emballage bo\u00eete couleur, emballage personnalis\u00e9. <\/span><\/p>\n<p><span class=\"magic-28\">La quantit\u00e9 de tous les produits en stock est g\u00e9r\u00e9e en fonction de l&#039;ordre de production r\u00e9el et de la situation des ventes.<\/span><\/p>\n<div><span class=\"magic-28\"> 1. Les frais d&#039;exp\u00e9dition indiqu\u00e9s par le syst\u00e8me peuvent \u00eatre incorrects. Veuillez nous contacter pour toute modification comptable. <\/span><\/div>\n<div><span class=\"magic-28\" data-spm-anchor-id=\"a2700.details-description.0.i2.658fnowlnowl0r\"> 2. Nous pouvons r\u00e9aliser tout type d&#039;emballage selon vos exigences. <\/span><\/div>\n<div><span class=\"magic-28\"> 3. Faites-moi part de votre id\u00e9e.<\/span><\/div>\n<div><img loading=\"lazy\" decoding=\"async\" class=\"alignnone wp-image-3323\" src=\"https:\/\/kaisaimoto.com\/wp-content\/uploads\/2025\/08\/He3145223e374468e849cac65d4956d05b-300x300.webp\" alt=\"\" width=\"806\" height=\"806\" srcset=\"https:\/\/kaisaimoto.com\/wp-content\/uploads\/2025\/08\/He3145223e374468e849cac65d4956d05b-300x300.webp 300w, https:\/\/kaisaimoto.com\/wp-content\/uploads\/2025\/08\/He3145223e374468e849cac65d4956d05b-150x150.webp 150w, https:\/\/kaisaimoto.com\/wp-content\/uploads\/2025\/08\/He3145223e374468e849cac65d4956d05b-768x768.webp 768w, https:\/\/kaisaimoto.com\/wp-content\/uploads\/2025\/08\/He3145223e374468e849cac65d4956d05b-600x600.webp 600w, https:\/\/kaisaimoto.com\/wp-content\/uploads\/2025\/08\/He3145223e374468e849cac65d4956d05b-100x100.webp 100w, https:\/\/kaisaimoto.com\/wp-content\/uploads\/2025\/08\/He3145223e374468e849cac65d4956d05b.webp 960w\" sizes=\"auto, (max-width: 806px) 100vw, 806px\" \/><\/div>\n<div><img loading=\"lazy\" decoding=\"async\" class=\"alignnone wp-image-3322\" src=\"https:\/\/kaisaimoto.com\/wp-content\/uploads\/2025\/08\/Hd7495ba69ba44c7bb628e9e9fc612a105-300x300.jpg\" alt=\"\" width=\"806\" height=\"806\" srcset=\"https:\/\/kaisaimoto.com\/wp-content\/uploads\/2025\/08\/Hd7495ba69ba44c7bb628e9e9fc612a105-300x300.jpg 300w, https:\/\/kaisaimoto.com\/wp-content\/uploads\/2025\/08\/Hd7495ba69ba44c7bb628e9e9fc612a105-150x150.jpg 150w, https:\/\/kaisaimoto.com\/wp-content\/uploads\/2025\/08\/Hd7495ba69ba44c7bb628e9e9fc612a105-768x768.jpg 768w, https:\/\/kaisaimoto.com\/wp-content\/uploads\/2025\/08\/Hd7495ba69ba44c7bb628e9e9fc612a105-600x600.jpg 600w, https:\/\/kaisaimoto.com\/wp-content\/uploads\/2025\/08\/Hd7495ba69ba44c7bb628e9e9fc612a105-100x100.jpg 100w, https:\/\/kaisaimoto.com\/wp-content\/uploads\/2025\/08\/Hd7495ba69ba44c7bb628e9e9fc612a105.jpg 960w\" sizes=\"auto, (max-width: 806px) 100vw, 806px\" \/><\/div>\n<div><img loading=\"lazy\" decoding=\"async\" class=\"alignnone wp-image-3321\" src=\"https:\/\/kaisaimoto.com\/wp-content\/uploads\/2025\/08\/Hb17b8b7a1f3c4c01a714b279ca4e7df3X-226x300.webp\" alt=\"\" width=\"769\" height=\"1021\" srcset=\"https:\/\/kaisaimoto.com\/wp-content\/uploads\/2025\/08\/Hb17b8b7a1f3c4c01a714b279ca4e7df3X-226x300.webp 226w, https:\/\/kaisaimoto.com\/wp-content\/uploads\/2025\/08\/Hb17b8b7a1f3c4c01a714b279ca4e7df3X.webp 407w\" sizes=\"auto, (max-width: 769px) 100vw, 769px\" \/><\/div>\n<div><img loading=\"lazy\" decoding=\"async\" class=\"alignnone wp-image-3320\" src=\"https:\/\/kaisaimoto.com\/wp-content\/uploads\/2025\/08\/H9421b1d81e41403b87fb7296ec87d568E-300x300.webp\" alt=\"\" width=\"721\" height=\"721\" srcset=\"https:\/\/kaisaimoto.com\/wp-content\/uploads\/2025\/08\/H9421b1d81e41403b87fb7296ec87d568E-300x300.webp 300w, https:\/\/kaisaimoto.com\/wp-content\/uploads\/2025\/08\/H9421b1d81e41403b87fb7296ec87d568E-150x150.webp 150w, https:\/\/kaisaimoto.com\/wp-content\/uploads\/2025\/08\/H9421b1d81e41403b87fb7296ec87d568E-768x768.webp 768w, https:\/\/kaisaimoto.com\/wp-content\/uploads\/2025\/08\/H9421b1d81e41403b87fb7296ec87d568E-600x600.webp 600w, https:\/\/kaisaimoto.com\/wp-content\/uploads\/2025\/08\/H9421b1d81e41403b87fb7296ec87d568E-100x100.webp 100w, https:\/\/kaisaimoto.com\/wp-content\/uploads\/2025\/08\/H9421b1d81e41403b87fb7296ec87d568E.webp 960w\" sizes=\"auto, (max-width: 721px) 100vw, 721px\" \/><\/div>\n<div><img loading=\"lazy\" decoding=\"async\" class=\"alignnone wp-image-3319\" src=\"https:\/\/kaisaimoto.com\/wp-content\/uploads\/2025\/08\/H0134b1f1615e4b6b856e1c5d43d958b9s-300x300.webp\" alt=\"\" width=\"724\" height=\"724\" srcset=\"https:\/\/kaisaimoto.com\/wp-content\/uploads\/2025\/08\/H0134b1f1615e4b6b856e1c5d43d958b9s-300x300.webp 300w, https:\/\/kaisaimoto.com\/wp-content\/uploads\/2025\/08\/H0134b1f1615e4b6b856e1c5d43d958b9s-150x150.webp 150w, https:\/\/kaisaimoto.com\/wp-content\/uploads\/2025\/08\/H0134b1f1615e4b6b856e1c5d43d958b9s-768x768.webp 768w, https:\/\/kaisaimoto.com\/wp-content\/uploads\/2025\/08\/H0134b1f1615e4b6b856e1c5d43d958b9s-600x600.webp 600w, https:\/\/kaisaimoto.com\/wp-content\/uploads\/2025\/08\/H0134b1f1615e4b6b856e1c5d43d958b9s-100x100.webp 100w, https:\/\/kaisaimoto.com\/wp-content\/uploads\/2025\/08\/H0134b1f1615e4b6b856e1c5d43d958b9s.webp 960w\" sizes=\"auto, (max-width: 724px) 100vw, 724px\" \/><img loading=\"lazy\" decoding=\"async\" class=\"alignnone wp-image-3208\" src=\"https:\/\/kaisaimoto.com\/wp-content\/uploads\/2025\/08\/H077bf92e5a564f41a3a7f40f49317773U-238x300.png\" alt=\"\" width=\"723\" height=\"911\" srcset=\"https:\/\/kaisaimoto.com\/wp-content\/uploads\/2025\/08\/H077bf92e5a564f41a3a7f40f49317773U-238x300.png 238w, https:\/\/kaisaimoto.com\/wp-content\/uploads\/2025\/08\/H077bf92e5a564f41a3a7f40f49317773U-600x756.png 600w, https:\/\/kaisaimoto.com\/wp-content\/uploads\/2025\/08\/H077bf92e5a564f41a3a7f40f49317773U.png 750w\" sizes=\"auto, (max-width: 723px) 100vw, 723px\" \/><\/div>\n<div>\n<h3>FAQ<\/h3>\n<div>Q1. Quelles sont vos conditions d&#039;emballage ?<br \/>\nA : G\u00e9n\u00e9ralement, nous emballons nos produits dans des bo\u00eetes blanches neutres et des cartons bruns. Si vous poss\u00e9dez un brevet l\u00e9galement enregistr\u00e9,<br \/>\nNous pouvons emballer les marchandises dans vos bo\u00eetes de marque apr\u00e8s r\u00e9ception de vos lettres d&#039;autorisation. Q2. Quelles sont vos conditions de paiement ?<br \/>\nA: Paiement par virement bancaire (T\/T)\u00a0: 30% comme acompte et 70% avant la livraison. Nous vous enverrons des photos des produits et des emballages.<br \/>\navant de r\u00e9gler le solde. Q3. Quelles sont vos conditions de livraison\u00a0?<br \/>\nA: EXW, FOB, CFR, CIF, DDU. Q4. Quel est votre d\u00e9lai de livraison\u00a0?<br \/>\nR : G\u00e9n\u00e9ralement, il faut compter entre 30 et 60 jours apr\u00e8s r\u00e9ception de votre acompte. Le d\u00e9lai de livraison pr\u00e9cis d\u00e9pend de plusieurs facteurs.<br \/>\nconcernant les articles et la quantit\u00e9 de votre commande. Q5. Pouvez-vous produire selon les \u00e9chantillons\u00a0?<\/div>\n<div>R : Oui, nous pouvons produire \u00e0 partir de vos \u00e9chantillons ou de vos dessins techniques. Nous pouvons fabriquer les moules et les outillages. Q6. Quelle est votre politique d&#039;\u00e9chantillonnage\u00a0?<br \/>\nA: Nous pouvons fournir un \u00e9chantillon si nous avons des pi\u00e8ces en stock, mais les clients doivent payer le co\u00fbt de l&#039;\u00e9chantillon et<br \/>\nQ7. Testez-vous tous vos produits avant la livraison\u00a0?<br \/>\nR : Oui, nous effectuons le test 100% avant la livraison. Q8 : Comment assurez-vous la p\u00e9rennit\u00e9 de notre relation commerciale ?<br \/>\nA:1. Nous maintenons une bonne qualit\u00e9 et des prix comp\u00e9titifs pour garantir le b\u00e9n\u00e9fice de nos clients ;<br \/>\n2. Nous respectons chaque client comme un ami et nous faisons des affaires et nouons des amiti\u00e9s sinc\u00e8res avec eux.,<br \/>\npeu importe d&#039;o\u00f9 ils viennent.<\/div>\n<\/div>\n<div><\/div>","protected":false},"excerpt":{"rendered":"<p>V\u00e9lo \u00e9lectrique urbain pliable 500 W pour adultes, \u00e0 gros pneus, puissant et \u00e9conomique. Emballage carton, bo\u00eete couleur ou emballage personnalis\u00e9. La quantit\u00e9 disponible d\u00e9pend de la production et des ventes. 1. Les frais de livraison affich\u00e9s peuvent \u00eatre incorrects\u00a0; veuillez nous contacter pour plus d&#039;informations.<\/p>","protected":false},"featured_media":3318,"comment_status":"open","ping_status":"closed","template":"","meta":{"_uag_custom_page_level_css":"","site-sidebar-layout":"default","site-content-layout":"","ast-site-content-layout":"default","site-content-style":"default","site-sidebar-style":"default","ast-global-header-display":"","ast-banner-title-visibility":"","ast-main-header-display":"","ast-hfb-above-header-display":"","ast-hfb-below-header-display":"","ast-hfb-mobile-header-display":"","site-post-title":"","ast-breadcrumbs-content":"","ast-featured-img":"","footer-sml-layout":"","theme-transparent-header-meta":"default","adv-header-id-meta":"","stick-header-meta":"","header-above-stick-meta":"","header-main-stick-meta":"","header-below-stick-meta":"","astra-migrate-meta-layouts":"set","ast-page-background-enabled":"default","ast-page-background-meta":{"desktop":{"background-color":"","background-image":"","background-repeat":"repeat","background-position":"center center","background-size":"auto","background-attachment":"scroll","background-type":"","background-media":"","overlay-type":"","overlay-color":"","overlay-opacity":"","overlay-gradient":""},"tablet":{"background-color":"","background-image":"","background-repeat":"repeat","background-position":"center center","background-size":"auto","background-attachment":"scroll","background-type":"","background-media":"","overlay-type":"","overlay-color":"","overlay-opacity":"","overlay-gradient":""},"mobile":{"background-color":"","background-image":"","background-repeat":"repeat","background-position":"center center","background-size":"auto","background-attachment":"scroll","background-type":"","background-media":"","overlay-type":"","overlay-color":"","overlay-opacity":"","overlay-gradient":""}},"ast-content-background-meta":{"desktop":{"background-color":"var(--ast-global-color-5)","background-image":"","background-repeat":"repeat","background-position":"center center","background-size":"auto","background-attachment":"scroll","background-type":"","background-media":"","overlay-type":"","overlay-color":"","overlay-opacity":"","overlay-gradient":""},"tablet":{"background-color":"var(--ast-global-color-5)","background-image":"","background-repeat":"repeat","background-position":"center center","background-size":"auto","background-attachment":"scroll","background-type":"","background-media":"","overlay-type":"","overlay-color":"","overlay-opacity":"","overlay-gradient":""},"mobile":{"background-color":"var(--ast-global-color-5)","background-image":"","background-repeat":"repeat","background-position":"center center","background-size":"auto","background-attachment":"scroll","background-type":"","background-media":"","overlay-type":"","overlay-color":"","overlay-opacity":"","overlay-gradient":""}}},"product_brand":[],"product_cat":[69,54],"product_tag":[70],"class_list":{"0":"post-3325","1":"product","2":"type-product","3":"status-publish","4":"has-post-thumbnail","6":"product_cat-e-bike","7":"product_cat-electric-motorcycles","8":"product_tag-e-bike","9":"desktop-align-left","10":"tablet-align-left","11":"mobile-align-left","13":"first","14":"instock","15":"sale","16":"featured","17":"shipping-taxable","18":"product-type-simple"},"yoast_head":"<!-- This site is optimized with the Yoast SEO plugin v25.8 - https:\/\/yoast.com\/wordpress\/plugins\/seo\/ -->\n<title>Electric City Bike 500w Electric Folding Bicycles - Kaisai Electric Motorcycle<\/title>\n<meta name=\"description\" content=\"Electric City Bike 500w Electric Folding Bicycles - Kaisai Electric Motorcycle\" \/>\n<meta name=\"robots\" content=\"index, follow, max-snippet:-1, max-image-preview:large, max-video-preview:-1\" \/>\n<link rel=\"canonical\" href=\"https:\/\/kaisaimoto.com\/fr\/produit\/500w-electric-folding-bicycles\/\" \/>\n<meta property=\"og:locale\" content=\"fr_FR\" \/>\n<meta property=\"og:type\" content=\"article\" \/>\n<meta property=\"og:title\" content=\"Electric City Bike 500w Electric Folding Bicycles - Kaisai Electric Motorcycle\" \/>\n<meta property=\"og:description\" content=\"Electric City Bike 500w Electric Folding Bicycles - Kaisai Electric Motorcycle\" \/>\n<meta property=\"og:url\" content=\"https:\/\/kaisaimoto.com\/fr\/produit\/500w-electric-folding-bicycles\/\" \/>\n<meta property=\"og:site_name\" content=\"Kaisai Electric Motorcycle\" \/>\n<meta property=\"article:modified_time\" content=\"2025-09-24T10:09:16+00:00\" \/>\n<meta property=\"og:image\" content=\"https:\/\/kaisaimoto.com\/wp-content\/uploads\/2025\/08\/H5dde56c2aec146feaa625901eb307e2aI.webp\" \/>\n\t<meta property=\"og:image:width\" content=\"650\" \/>\n\t<meta property=\"og:image:height\" content=\"650\" \/>\n\t<meta property=\"og:image:type\" content=\"image\/webp\" \/>\n<meta name=\"twitter:card\" content=\"summary_large_image\" \/>\n<meta name=\"twitter:label1\" content=\"Dur\u00e9e de lecture estim\u00e9e\" \/>\n\t<meta name=\"twitter:data1\" content=\"4 minutes\" \/>\n<script type=\"application\/ld+json\" class=\"yoast-schema-graph\">{\"@context\":\"https:\/\/schema.org\",\"@graph\":[{\"@type\":\"WebPage\",\"@id\":\"https:\/\/kaisaimoto.com\/product\/500w-electric-folding-bicycles\/\",\"url\":\"https:\/\/kaisaimoto.com\/product\/500w-electric-folding-bicycles\/\",\"name\":\"Electric City Bike 500w Electric Folding Bicycles - Kaisai Electric Motorcycle\",\"isPartOf\":{\"@id\":\"https:\/\/kaisaimoto.com\/#website\"},\"primaryImageOfPage\":{\"@id\":\"https:\/\/kaisaimoto.com\/product\/500w-electric-folding-bicycles\/#primaryimage\"},\"image\":{\"@id\":\"https:\/\/kaisaimoto.com\/product\/500w-electric-folding-bicycles\/#primaryimage\"},\"thumbnailUrl\":\"https:\/\/kaisaimoto.com\/wp-content\/uploads\/2025\/08\/H5dde56c2aec146feaa625901eb307e2aI.webp\",\"datePublished\":\"2025-08-17T05:32:53+00:00\",\"dateModified\":\"2025-09-24T10:09:16+00:00\",\"description\":\"Electric City Bike 500w Electric Folding Bicycles - Kaisai Electric Motorcycle\",\"breadcrumb\":{\"@id\":\"https:\/\/kaisaimoto.com\/product\/500w-electric-folding-bicycles\/#breadcrumb\"},\"inLanguage\":\"fr-FR\",\"potentialAction\":[{\"@type\":\"ReadAction\",\"target\":[\"https:\/\/kaisaimoto.com\/product\/500w-electric-folding-bicycles\/\"]}]},{\"@type\":\"ImageObject\",\"inLanguage\":\"fr-FR\",\"@id\":\"https:\/\/kaisaimoto.com\/product\/500w-electric-folding-bicycles\/#primaryimage\",\"url\":\"https:\/\/kaisaimoto.com\/wp-content\/uploads\/2025\/08\/H5dde56c2aec146feaa625901eb307e2aI.webp\",\"contentUrl\":\"https:\/\/kaisaimoto.com\/wp-content\/uploads\/2025\/08\/H5dde56c2aec146feaa625901eb307e2aI.webp\",\"width\":650,\"height\":650},{\"@type\":\"BreadcrumbList\",\"@id\":\"https:\/\/kaisaimoto.com\/product\/500w-electric-folding-bicycles\/#breadcrumb\",\"itemListElement\":[{\"@type\":\"ListItem\",\"position\":1,\"name\":\"\u9996\u9875\",\"item\":\"https:\/\/kaisaimoto.com\/\"},{\"@type\":\"ListItem\",\"position\":2,\"name\":\"Store\",\"item\":\"https:\/\/kaisaimoto.com\/store\/\"},{\"@type\":\"ListItem\",\"position\":3,\"name\":\"Electric City Bike 500w Electric Folding Bicycles\"}]},{\"@type\":\"WebSite\",\"@id\":\"https:\/\/kaisaimoto.com\/#website\",\"url\":\"https:\/\/kaisaimoto.com\/\",\"name\":\"China's Leading Electric Motorcycle & E-Bike Supplier\",\"description\":\"Reliable Source Manufacturer of Affordable Electric Motorcycle\",\"publisher\":{\"@id\":\"https:\/\/kaisaimoto.com\/#organization\"},\"potentialAction\":[{\"@type\":\"SearchAction\",\"target\":{\"@type\":\"EntryPoint\",\"urlTemplate\":\"https:\/\/kaisaimoto.com\/?s={search_term_string}\"},\"query-input\":{\"@type\":\"PropertyValueSpecification\",\"valueRequired\":true,\"valueName\":\"search_term_string\"}}],\"inLanguage\":\"fr-FR\"},{\"@type\":\"Organization\",\"@id\":\"https:\/\/kaisaimoto.com\/#organization\",\"name\":\"China's Leading Electric Motorcycle & E-Bike Supplier\",\"url\":\"https:\/\/kaisaimoto.com\/\",\"logo\":{\"@type\":\"ImageObject\",\"inLanguage\":\"fr-FR\",\"@id\":\"https:\/\/kaisaimoto.com\/#\/schema\/logo\/image\/\",\"url\":\"https:\/\/kaisaimoto.com\/wp-content\/uploads\/2025\/08\/cropped-cropped-a3a04e143a1a2cc4a3a5c2da85f015c4-scaled-1.png\",\"contentUrl\":\"https:\/\/kaisaimoto.com\/wp-content\/uploads\/2025\/08\/cropped-cropped-a3a04e143a1a2cc4a3a5c2da85f015c4-scaled-1.png\",\"width\":1247,\"height\":903,\"caption\":\"China's Leading Electric Motorcycle & E-Bike Supplier\"},\"image\":{\"@id\":\"https:\/\/kaisaimoto.com\/#\/schema\/logo\/image\/\"}}]}<\/script>\n<!-- \/ Yoast SEO plugin. -->","yoast_head_json":{"title":"V\u00e9lo \u00e9lectrique urbain 500 W, v\u00e9lo \u00e9lectrique pliable Kaisai, moto \u00e9lectrique","description":"V\u00e9lo \u00e9lectrique urbain 500 W, v\u00e9lo \u00e9lectrique pliable Kaisai, moto \u00e9lectrique","robots":{"index":"index","follow":"follow","max-snippet":"max-snippet:-1","max-image-preview":"max-image-preview:large","max-video-preview":"max-video-preview:-1"},"canonical":"https:\/\/kaisaimoto.com\/fr\/produit\/500w-electric-folding-bicycles\/","og_locale":"fr_FR","og_type":"article","og_title":"Electric City Bike 500w Electric Folding Bicycles - Kaisai Electric Motorcycle","og_description":"Electric City Bike 500w Electric Folding Bicycles - Kaisai Electric Motorcycle","og_url":"https:\/\/kaisaimoto.com\/fr\/produit\/500w-electric-folding-bicycles\/","og_site_name":"Kaisai Electric Motorcycle","article_modified_time":"2025-09-24T10:09:16+00:00","og_image":[{"width":650,"height":650,"url":"https:\/\/kaisaimoto.com\/wp-content\/uploads\/2025\/08\/H5dde56c2aec146feaa625901eb307e2aI.webp","type":"image\/webp"}],"twitter_card":"summary_large_image","twitter_misc":{"Dur\u00e9e de lecture estim\u00e9e":"4 minutes"},"schema":{"@context":"https:\/\/schema.org","@graph":[{"@type":"WebPage","@id":"https:\/\/kaisaimoto.com\/product\/500w-electric-folding-bicycles\/","url":"https:\/\/kaisaimoto.com\/product\/500w-electric-folding-bicycles\/","name":"V\u00e9lo \u00e9lectrique urbain 500 W, v\u00e9lo \u00e9lectrique pliable Kaisai, moto \u00e9lectrique","isPartOf":{"@id":"https:\/\/kaisaimoto.com\/#website"},"primaryImageOfPage":{"@id":"https:\/\/kaisaimoto.com\/product\/500w-electric-folding-bicycles\/#primaryimage"},"image":{"@id":"https:\/\/kaisaimoto.com\/product\/500w-electric-folding-bicycles\/#primaryimage"},"thumbnailUrl":"https:\/\/kaisaimoto.com\/wp-content\/uploads\/2025\/08\/H5dde56c2aec146feaa625901eb307e2aI.webp","datePublished":"2025-08-17T05:32:53+00:00","dateModified":"2025-09-24T10:09:16+00:00","description":"V\u00e9lo \u00e9lectrique urbain 500 W, v\u00e9lo \u00e9lectrique pliable Kaisai, moto \u00e9lectrique","breadcrumb":{"@id":"https:\/\/kaisaimoto.com\/product\/500w-electric-folding-bicycles\/#breadcrumb"},"inLanguage":"fr-FR","potentialAction":[{"@type":"ReadAction","target":["https:\/\/kaisaimoto.com\/product\/500w-electric-folding-bicycles\/"]}]},{"@type":"ImageObject","inLanguage":"fr-FR","@id":"https:\/\/kaisaimoto.com\/product\/500w-electric-folding-bicycles\/#primaryimage","url":"https:\/\/kaisaimoto.com\/wp-content\/uploads\/2025\/08\/H5dde56c2aec146feaa625901eb307e2aI.webp","contentUrl":"https:\/\/kaisaimoto.com\/wp-content\/uploads\/2025\/08\/H5dde56c2aec146feaa625901eb307e2aI.webp","width":650,"height":650},{"@type":"BreadcrumbList","@id":"https:\/\/kaisaimoto.com\/product\/500w-electric-folding-bicycles\/#breadcrumb","itemListElement":[{"@type":"ListItem","position":1,"name":"\u9996\u9875","item":"https:\/\/kaisaimoto.com\/"},{"@type":"ListItem","position":2,"name":"Store","item":"https:\/\/kaisaimoto.com\/store\/"},{"@type":"ListItem","position":3,"name":"Electric City Bike 500w Electric Folding Bicycles"}]},{"@type":"WebSite","@id":"https:\/\/kaisaimoto.com\/#website","url":"https:\/\/kaisaimoto.com\/","name":"Le principal fournisseur chinois de motos \u00e9lectriques et de v\u00e9los \u00e9lectriques","description":"Fabricant fiable de motos \u00e9lectriques abordables","publisher":{"@id":"https:\/\/kaisaimoto.com\/#organization"},"potentialAction":[{"@type":"SearchAction","target":{"@type":"EntryPoint","urlTemplate":"https:\/\/kaisaimoto.com\/?s={search_term_string}"},"query-input":{"@type":"PropertyValueSpecification","valueRequired":true,"valueName":"search_term_string"}}],"inLanguage":"fr-FR"},{"@type":"Organization","@id":"https:\/\/kaisaimoto.com\/#organization","name":"Le principal fournisseur chinois de motos \u00e9lectriques et de v\u00e9los \u00e9lectriques","url":"https:\/\/kaisaimoto.com\/","logo":{"@type":"ImageObject","inLanguage":"fr-FR","@id":"https:\/\/kaisaimoto.com\/#\/schema\/logo\/image\/","url":"https:\/\/kaisaimoto.com\/wp-content\/uploads\/2025\/08\/cropped-cropped-a3a04e143a1a2cc4a3a5c2da85f015c4-scaled-1.png","contentUrl":"https:\/\/kaisaimoto.com\/wp-content\/uploads\/2025\/08\/cropped-cropped-a3a04e143a1a2cc4a3a5c2da85f015c4-scaled-1.png","width":1247,"height":903,"caption":"China's Leading Electric Motorcycle & E-Bike Supplier"},"image":{"@id":"https:\/\/kaisaimoto.com\/#\/schema\/logo\/image\/"}}]}},"uagb_featured_image_src":{"full":["https:\/\/kaisaimoto.com\/wp-content\/uploads\/2025\/08\/H5dde56c2aec146feaa625901eb307e2aI.webp",650,650,false],"thumbnail":["https:\/\/kaisaimoto.com\/wp-content\/uploads\/2025\/08\/H5dde56c2aec146feaa625901eb307e2aI-150x150.webp",150,150,true],"medium":["https:\/\/kaisaimoto.com\/wp-content\/uploads\/2025\/08\/H5dde56c2aec146feaa625901eb307e2aI-300x300.webp",300,300,true],"medium_large":["https:\/\/kaisaimoto.com\/wp-content\/uploads\/2025\/08\/H5dde56c2aec146feaa625901eb307e2aI.webp",650,650,false],"large":["https:\/\/kaisaimoto.com\/wp-content\/uploads\/2025\/08\/H5dde56c2aec146feaa625901eb307e2aI.webp",650,650,false],"1536x1536":["https:\/\/kaisaimoto.com\/wp-content\/uploads\/2025\/08\/H5dde56c2aec146feaa625901eb307e2aI.webp",650,650,false],"2048x2048":["https:\/\/kaisaimoto.com\/wp-content\/uploads\/2025\/08\/H5dde56c2aec146feaa625901eb307e2aI.webp",650,650,false],"trp-custom-language-flag":["https:\/\/kaisaimoto.com\/wp-content\/uploads\/2025\/08\/H5dde56c2aec146feaa625901eb307e2aI.webp",12,12,false],"woocommerce_thumbnail":["https:\/\/kaisaimoto.com\/wp-content\/uploads\/2025\/08\/H5dde56c2aec146feaa625901eb307e2aI-300x300.webp",300,300,true],"woocommerce_single":["https:\/\/kaisaimoto.com\/wp-content\/uploads\/2025\/08\/H5dde56c2aec146feaa625901eb307e2aI-600x600.webp",600,600,true],"woocommerce_gallery_thumbnail":["https:\/\/kaisaimoto.com\/wp-content\/uploads\/2025\/08\/H5dde56c2aec146feaa625901eb307e2aI-100x100.webp",100,100,true]},"uagb_author_info":{"display_name":"cxgginsz@gmail.com","author_link":"https:\/\/kaisaimoto.com\/fr\/author\/"},"uagb_comment_info":0,"uagb_excerpt":"High Power Cheap Two Wheel Adult Fat Tire Electric City Bike 500w Electric Folding Bicycles Motorbike Road Stealth Moto Scooters Carton packing, color box packaging, Custom packaging. The quantity of all stock products is arranged according to the actual production order and sales situation. 1. System shipping charges may be incorrect, please contact us for\u2026","_links":{"self":[{"href":"https:\/\/kaisaimoto.com\/fr\/wp-json\/wp\/v2\/product\/3325","targetHints":{"allow":["GET"]}}],"collection":[{"href":"https:\/\/kaisaimoto.com\/fr\/wp-json\/wp\/v2\/product"}],"about":[{"href":"https:\/\/kaisaimoto.com\/fr\/wp-json\/wp\/v2\/types\/product"}],"replies":[{"embeddable":true,"href":"https:\/\/kaisaimoto.com\/fr\/wp-json\/wp\/v2\/comments?post=3325"}],"wp:featuredmedia":[{"embeddable":true,"href":"https:\/\/kaisaimoto.com\/fr\/wp-json\/wp\/v2\/media\/3318"}],"wp:attachment":[{"href":"https:\/\/kaisaimoto.com\/fr\/wp-json\/wp\/v2\/media?parent=3325"}],"wp:term":[{"taxonomy":"product_brand","embeddable":true,"href":"https:\/\/kaisaimoto.com\/fr\/wp-json\/wp\/v2\/product_brand?post=3325"},{"taxonomy":"product_cat","embeddable":true,"href":"https:\/\/kaisaimoto.com\/fr\/wp-json\/wp\/v2\/product_cat?post=3325"},{"taxonomy":"product_tag","embeddable":true,"href":"https:\/\/kaisaimoto.com\/fr\/wp-json\/wp\/v2\/product_tag?post=3325"}],"curies":[{"name":"wp","href":"https:\/\/api.w.org\/{rel}","templated":true}]}}