{"id":3295,"date":"2025-08-16T07:12:13","date_gmt":"2025-08-16T07:12:13","guid":{"rendered":"https:\/\/kaisaimoto.com\/?post_type=product&#038;p=3295"},"modified":"2025-09-24T10:11:41","modified_gmt":"2025-09-24T10:11:41","slug":"2-wheel-electrico-kick-scooter","status":"publish","type":"product","link":"https:\/\/kaisaimoto.com\/fr\/produit\/2-wheel-electrico-kick-scooter\/","title":{"rendered":"Scooter \u00e9lectrique \u00e0 deux roues 3000 W pour adultes, mod\u00e8le enduro."},"content":{"rendered":"<h2 title=\"Moto \u00e9lectrique enduro pour adultes, 2 roues, 3000 W, double moteur, haute performance et \u00e9conomique.\" data-spm-anchor-id=\"a2700.details.0.i106.33f91cb96tQ2u4\"><strong>Moto \u00e9lectrique enduro pour adultes, 2 roues, 3000 W, double moteur, haute performance et \u00e9conomique.<\/strong><\/h2>\n<p><span class=\"magic-28\">Emballage carton, emballage bo\u00eete couleur, emballage personnalis\u00e9. <\/span><\/p>\n<p><span class=\"magic-28\">La quantit\u00e9 de tous les produits en stock est g\u00e9r\u00e9e en fonction de l&#039;ordre de production r\u00e9el et de la situation des ventes.<\/span><\/p>\n<p><span style=\"font-size: 16px;\">1. Les frais d&#039;exp\u00e9dition indiqu\u00e9s par le syst\u00e8me peuvent \u00eatre incorrects. Veuillez nous contacter pour toute modification comptable.<\/span><\/p>\n<div><span class=\"magic-28\" data-spm-anchor-id=\"a2700.details-description.0.i2.658fnowlnowl0r\"> 2. Nous pouvons r\u00e9aliser tout type d&#039;emballage selon vos exigences. <\/span><\/div>\n<div><span class=\"magic-28\"> 3. Faites-moi part de votre id\u00e9e.<\/span><\/div>\n<div><img loading=\"lazy\" decoding=\"async\" class=\"alignnone wp-image-3301\" src=\"https:\/\/kaisaimoto.com\/wp-content\/uploads\/2025\/08\/Hdc5c1baf15904cf88871ed2a4cbf61f6X-300x300.webp\" alt=\"\" width=\"508\" height=\"508\" srcset=\"https:\/\/kaisaimoto.com\/wp-content\/uploads\/2025\/08\/Hdc5c1baf15904cf88871ed2a4cbf61f6X-300x300.webp 300w, https:\/\/kaisaimoto.com\/wp-content\/uploads\/2025\/08\/Hdc5c1baf15904cf88871ed2a4cbf61f6X-150x150.webp 150w, https:\/\/kaisaimoto.com\/wp-content\/uploads\/2025\/08\/Hdc5c1baf15904cf88871ed2a4cbf61f6X-600x600.webp 600w, https:\/\/kaisaimoto.com\/wp-content\/uploads\/2025\/08\/Hdc5c1baf15904cf88871ed2a4cbf61f6X-100x100.webp 100w, https:\/\/kaisaimoto.com\/wp-content\/uploads\/2025\/08\/Hdc5c1baf15904cf88871ed2a4cbf61f6X.webp 640w\" sizes=\"auto, (max-width: 508px) 100vw, 508px\" \/><\/div>\n<div><img loading=\"lazy\" decoding=\"async\" class=\"alignnone wp-image-3300\" src=\"https:\/\/kaisaimoto.com\/wp-content\/uploads\/2025\/08\/H751099bd8e9d4f2689710435eb263f6ci-300x300.webp\" alt=\"\" width=\"507\" height=\"507\" srcset=\"https:\/\/kaisaimoto.com\/wp-content\/uploads\/2025\/08\/H751099bd8e9d4f2689710435eb263f6ci-300x300.webp 300w, https:\/\/kaisaimoto.com\/wp-content\/uploads\/2025\/08\/H751099bd8e9d4f2689710435eb263f6ci-150x150.webp 150w, https:\/\/kaisaimoto.com\/wp-content\/uploads\/2025\/08\/H751099bd8e9d4f2689710435eb263f6ci-100x100.webp 100w, https:\/\/kaisaimoto.com\/wp-content\/uploads\/2025\/08\/H751099bd8e9d4f2689710435eb263f6ci.webp 500w\" sizes=\"auto, (max-width: 507px) 100vw, 507px\" \/><\/div>\n<div><img loading=\"lazy\" decoding=\"async\" class=\"alignnone wp-image-3299\" src=\"https:\/\/kaisaimoto.com\/wp-content\/uploads\/2025\/08\/H480500f4426144979808908c4f64ea50P-300x300.webp\" alt=\"\" width=\"509\" height=\"509\" srcset=\"https:\/\/kaisaimoto.com\/wp-content\/uploads\/2025\/08\/H480500f4426144979808908c4f64ea50P-300x300.webp 300w, https:\/\/kaisaimoto.com\/wp-content\/uploads\/2025\/08\/H480500f4426144979808908c4f64ea50P-150x150.webp 150w, https:\/\/kaisaimoto.com\/wp-content\/uploads\/2025\/08\/H480500f4426144979808908c4f64ea50P-600x600.webp 600w, https:\/\/kaisaimoto.com\/wp-content\/uploads\/2025\/08\/H480500f4426144979808908c4f64ea50P-100x100.webp 100w, https:\/\/kaisaimoto.com\/wp-content\/uploads\/2025\/08\/H480500f4426144979808908c4f64ea50P.webp 640w\" sizes=\"auto, (max-width: 509px) 100vw, 509px\" \/><\/div>\n<div><img loading=\"lazy\" decoding=\"async\" class=\"alignnone wp-image-3298\" src=\"https:\/\/kaisaimoto.com\/wp-content\/uploads\/2025\/08\/H616e6045bb0d450e8ef0101a8b4763faf-300x300.webp\" alt=\"\" width=\"509\" height=\"509\" srcset=\"https:\/\/kaisaimoto.com\/wp-content\/uploads\/2025\/08\/H616e6045bb0d450e8ef0101a8b4763faf-300x300.webp 300w, https:\/\/kaisaimoto.com\/wp-content\/uploads\/2025\/08\/H616e6045bb0d450e8ef0101a8b4763faf-150x150.webp 150w, https:\/\/kaisaimoto.com\/wp-content\/uploads\/2025\/08\/H616e6045bb0d450e8ef0101a8b4763faf-600x600.webp 600w, https:\/\/kaisaimoto.com\/wp-content\/uploads\/2025\/08\/H616e6045bb0d450e8ef0101a8b4763faf-100x100.webp 100w, https:\/\/kaisaimoto.com\/wp-content\/uploads\/2025\/08\/H616e6045bb0d450e8ef0101a8b4763faf.webp 640w\" sizes=\"auto, (max-width: 509px) 100vw, 509px\" \/><img loading=\"lazy\" decoding=\"async\" class=\"alignnone wp-image-3296\" src=\"https:\/\/kaisaimoto.com\/wp-content\/uploads\/2025\/08\/H3ebda8e2f6cb415a83a7ae274d5b46daf-300x300.webp\" alt=\"\" width=\"508\" height=\"508\" srcset=\"https:\/\/kaisaimoto.com\/wp-content\/uploads\/2025\/08\/H3ebda8e2f6cb415a83a7ae274d5b46daf-300x300.webp 300w, https:\/\/kaisaimoto.com\/wp-content\/uploads\/2025\/08\/H3ebda8e2f6cb415a83a7ae274d5b46daf-150x150.webp 150w, https:\/\/kaisaimoto.com\/wp-content\/uploads\/2025\/08\/H3ebda8e2f6cb415a83a7ae274d5b46daf-600x600.webp 600w, https:\/\/kaisaimoto.com\/wp-content\/uploads\/2025\/08\/H3ebda8e2f6cb415a83a7ae274d5b46daf-100x100.webp 100w, https:\/\/kaisaimoto.com\/wp-content\/uploads\/2025\/08\/H3ebda8e2f6cb415a83a7ae274d5b46daf.webp 640w\" sizes=\"auto, (max-width: 508px) 100vw, 508px\" \/><\/div>\n<div><img loading=\"lazy\" decoding=\"async\" class=\"alignnone wp-image-3208\" src=\"https:\/\/kaisaimoto.com\/wp-content\/uploads\/2025\/08\/H077bf92e5a564f41a3a7f40f49317773U-238x300.png\" alt=\"\" width=\"507\" height=\"639\" srcset=\"https:\/\/kaisaimoto.com\/wp-content\/uploads\/2025\/08\/H077bf92e5a564f41a3a7f40f49317773U-238x300.png 238w, https:\/\/kaisaimoto.com\/wp-content\/uploads\/2025\/08\/H077bf92e5a564f41a3a7f40f49317773U-600x756.png 600w, https:\/\/kaisaimoto.com\/wp-content\/uploads\/2025\/08\/H077bf92e5a564f41a3a7f40f49317773U.png 750w\" sizes=\"auto, (max-width: 507px) 100vw, 507px\" \/><\/div>\n<div>\n<h3>FAQ<\/h3>\n<div>Q1. Quelles sont vos conditions d&#039;emballage ?<br \/>\nA : G\u00e9n\u00e9ralement, nous emballons nos produits dans des bo\u00eetes blanches neutres et des cartons bruns. Si vous poss\u00e9dez un brevet l\u00e9galement enregistr\u00e9,<br \/>\nNous pouvons emballer les marchandises dans vos bo\u00eetes de marque apr\u00e8s r\u00e9ception de vos lettres d&#039;autorisation.<\/div>\n<div>Q2. Quelles sont vos conditions de paiement ?<br \/>\nA: Paiement par virement bancaire (T\/T)\u00a0: 30% comme acompte et 70% avant la livraison. Nous vous enverrons des photos des produits et des emballages.<br \/>\navant de payer le solde.<\/div>\n<div>Q3. Quelles sont vos conditions de livraison ?<br \/>\nA: EXW, FOB, CFR, CIF, DDU.<\/div>\n<div>Q4. Quel est votre d\u00e9lai de livraison\u00a0?<br \/>\nR : G\u00e9n\u00e9ralement, il faut compter entre 30 et 60 jours apr\u00e8s r\u00e9ception de votre acompte. Le d\u00e9lai de livraison pr\u00e9cis d\u00e9pend de plusieurs facteurs.<br \/>\nsur les articles et la quantit\u00e9 de votre commande.<\/div>\n<div>Q5. Pouvez-vous produire conform\u00e9ment aux \u00e9chantillons ?<br \/>\nR : Oui, nous pouvons produire \u00e0 partir de vos \u00e9chantillons ou de vos dessins techniques. Nous pouvons fabriquer les moules et les outillages.<\/div>\n<div>Q6. Quelle est votre politique d&#039;\u00e9chantillonnage\u00a0?<br \/>\nA: Nous pouvons fournir un \u00e9chantillon si nous avons des pi\u00e8ces en stock, mais les clients doivent payer le co\u00fbt de l&#039;\u00e9chantillon et<br \/>\nles frais de livraison.<\/div>\n<div>Q7. Testez-vous tous vos produits avant la livraison\u00a0?<br \/>\nR : Oui, nous effectuons le test 100% avant la livraison.<\/div>\n<div>Q8 : Comment assurez-vous la p\u00e9rennit\u00e9 de notre relation commerciale et l&#039;\u00e9tablissement d&#039;une bonne relation ?<br \/>\nA:1. Nous maintenons une bonne qualit\u00e9 et des prix comp\u00e9titifs pour garantir le b\u00e9n\u00e9fice de nos clients ;<br \/>\n2. Nous respectons chaque client comme un ami et nous faisons des affaires et nouons des amiti\u00e9s sinc\u00e8res avec eux.,<br \/>\npeu importe d&#039;o\u00f9 ils viennent.<\/div>\n<\/div>","protected":false},"excerpt":{"rendered":"<ol class=\"auto-hide-last-sibling-br\">\n<li>Approvisionnement en gros disponible : stock stable pour r\u00e9pondre aux demandes de commandes importantes.<\/li>\n<li>Prix de gros comp\u00e9titifs\u00a0: marges avantageuses pour les revendeurs.<\/li>\n<li>Des mod\u00e8les vari\u00e9s : un large \u00e9ventail d&#039;options pour r\u00e9pondre aux besoins vari\u00e9s du march\u00e9.<\/li>\n<li>Logistique efficace : Livraison simplifi\u00e9e pour les envois en vrac.<\/li>\n<li>Assistance aux revendeurs\u00a0: Mat\u00e9riel marketing et assistance apr\u00e8s-vente disponibles.<\/li>\n<\/ol>","protected":false},"featured_media":3297,"comment_status":"open","ping_status":"closed","template":"","meta":{"_uag_custom_page_level_css":"","site-sidebar-layout":"default","site-content-layout":"","ast-site-content-layout":"default","site-content-style":"default","site-sidebar-style":"default","ast-global-header-display":"","ast-banner-title-visibility":"","ast-main-header-display":"","ast-hfb-above-header-display":"","ast-hfb-below-header-display":"","ast-hfb-mobile-header-display":"","site-post-title":"","ast-breadcrumbs-content":"","ast-featured-img":"","footer-sml-layout":"","theme-transparent-header-meta":"default","adv-header-id-meta":"","stick-header-meta":"","header-above-stick-meta":"","header-main-stick-meta":"","header-below-stick-meta":"","astra-migrate-meta-layouts":"set","ast-page-background-enabled":"default","ast-page-background-meta":{"desktop":{"background-color":"","background-image":"","background-repeat":"repeat","background-position":"center center","background-size":"auto","background-attachment":"scroll","background-type":"","background-media":"","overlay-type":"","overlay-color":"","overlay-opacity":"","overlay-gradient":""},"tablet":{"background-color":"","background-image":"","background-repeat":"repeat","background-position":"center center","background-size":"auto","background-attachment":"scroll","background-type":"","background-media":"","overlay-type":"","overlay-color":"","overlay-opacity":"","overlay-gradient":""},"mobile":{"background-color":"","background-image":"","background-repeat":"repeat","background-position":"center center","background-size":"auto","background-attachment":"scroll","background-type":"","background-media":"","overlay-type":"","overlay-color":"","overlay-opacity":"","overlay-gradient":""}},"ast-content-background-meta":{"desktop":{"background-color":"var(--ast-global-color-5)","background-image":"","background-repeat":"repeat","background-position":"center center","background-size":"auto","background-attachment":"scroll","background-type":"","background-media":"","overlay-type":"","overlay-color":"","overlay-opacity":"","overlay-gradient":""},"tablet":{"background-color":"var(--ast-global-color-5)","background-image":"","background-repeat":"repeat","background-position":"center center","background-size":"auto","background-attachment":"scroll","background-type":"","background-media":"","overlay-type":"","overlay-color":"","overlay-opacity":"","overlay-gradient":""},"mobile":{"background-color":"var(--ast-global-color-5)","background-image":"","background-repeat":"repeat","background-position":"center center","background-size":"auto","background-attachment":"scroll","background-type":"","background-media":"","overlay-type":"","overlay-color":"","overlay-opacity":"","overlay-gradient":""}}},"product_brand":[],"product_cat":[64,67,54],"product_tag":[65,66,68],"class_list":{"0":"post-3295","1":"product","2":"type-product","3":"status-publish","4":"has-post-thumbnail","6":"product_cat-e-scooter","7":"product_cat-electric-motor","8":"product_cat-electric-motorcycles","9":"product_tag-e-scooter","10":"product_tag-electric-motocycles","11":"product_tag-electric-motor","12":"desktop-align-left","13":"tablet-align-left","14":"mobile-align-left","16":"first","17":"instock","18":"shipping-taxable","19":"product-type-simple"},"yoast_head":"<!-- This site is optimized with the Yoast SEO plugin v25.8 - https:\/\/yoast.com\/wordpress\/plugins\/seo\/ -->\n<title>Motorbike Mobility 2 Wheel Electrico Scooter 3000w Adult Enduro Motorbike - Kaisai Electric Motorcycle<\/title>\n<meta name=\"description\" content=\"Motorbike Mobility 2 Wheel Electrico Scooter 3000w Adult Enduro Motorbike - Kaisai Electric Motorcycle\" \/>\n<meta name=\"robots\" content=\"index, follow, max-snippet:-1, max-image-preview:large, max-video-preview:-1\" \/>\n<link rel=\"canonical\" href=\"https:\/\/kaisaimoto.com\/fr\/produit\/2-wheel-electrico-kick-scooter\/\" \/>\n<meta property=\"og:locale\" content=\"fr_FR\" \/>\n<meta property=\"og:type\" content=\"article\" \/>\n<meta property=\"og:title\" content=\"Motorbike Mobility 2 Wheel Electrico Scooter 3000w Adult Enduro Motorbike - Kaisai Electric Motorcycle\" \/>\n<meta property=\"og:description\" content=\"Motorbike Mobility 2 Wheel Electrico Scooter 3000w Adult Enduro Motorbike - Kaisai Electric Motorcycle\" \/>\n<meta property=\"og:url\" content=\"https:\/\/kaisaimoto.com\/fr\/produit\/2-wheel-electrico-kick-scooter\/\" \/>\n<meta property=\"og:site_name\" content=\"Kaisai Electric Motorcycle\" \/>\n<meta property=\"article:modified_time\" content=\"2025-09-24T10:11:41+00:00\" \/>\n<meta property=\"og:image\" content=\"https:\/\/kaisaimoto.com\/wp-content\/uploads\/2025\/08\/H78edd74dd855476b8e470a8a70207784k.webp\" \/>\n\t<meta property=\"og:image:width\" content=\"640\" \/>\n\t<meta property=\"og:image:height\" content=\"640\" \/>\n\t<meta property=\"og:image:type\" content=\"image\/webp\" \/>\n<meta name=\"twitter:card\" content=\"summary_large_image\" \/>\n<meta name=\"twitter:label1\" content=\"Dur\u00e9e de lecture estim\u00e9e\" \/>\n\t<meta name=\"twitter:data1\" content=\"4 minutes\" \/>\n<script type=\"application\/ld+json\" class=\"yoast-schema-graph\">{\"@context\":\"https:\/\/schema.org\",\"@graph\":[{\"@type\":\"WebPage\",\"@id\":\"https:\/\/kaisaimoto.com\/product\/2-wheel-electrico-kick-scooter\/\",\"url\":\"https:\/\/kaisaimoto.com\/product\/2-wheel-electrico-kick-scooter\/\",\"name\":\"Motorbike Mobility 2 Wheel Electrico Scooter 3000w Adult Enduro Motorbike - Kaisai Electric Motorcycle\",\"isPartOf\":{\"@id\":\"https:\/\/kaisaimoto.com\/#website\"},\"primaryImageOfPage\":{\"@id\":\"https:\/\/kaisaimoto.com\/product\/2-wheel-electrico-kick-scooter\/#primaryimage\"},\"image\":{\"@id\":\"https:\/\/kaisaimoto.com\/product\/2-wheel-electrico-kick-scooter\/#primaryimage\"},\"thumbnailUrl\":\"https:\/\/kaisaimoto.com\/wp-content\/uploads\/2025\/08\/H78edd74dd855476b8e470a8a70207784k.webp\",\"datePublished\":\"2025-08-16T07:12:13+00:00\",\"dateModified\":\"2025-09-24T10:11:41+00:00\",\"description\":\"Motorbike Mobility 2 Wheel Electrico Scooter 3000w Adult Enduro Motorbike - Kaisai Electric Motorcycle\",\"breadcrumb\":{\"@id\":\"https:\/\/kaisaimoto.com\/product\/2-wheel-electrico-kick-scooter\/#breadcrumb\"},\"inLanguage\":\"fr-FR\",\"potentialAction\":[{\"@type\":\"ReadAction\",\"target\":[\"https:\/\/kaisaimoto.com\/product\/2-wheel-electrico-kick-scooter\/\"]}]},{\"@type\":\"ImageObject\",\"inLanguage\":\"fr-FR\",\"@id\":\"https:\/\/kaisaimoto.com\/product\/2-wheel-electrico-kick-scooter\/#primaryimage\",\"url\":\"https:\/\/kaisaimoto.com\/wp-content\/uploads\/2025\/08\/H78edd74dd855476b8e470a8a70207784k.webp\",\"contentUrl\":\"https:\/\/kaisaimoto.com\/wp-content\/uploads\/2025\/08\/H78edd74dd855476b8e470a8a70207784k.webp\",\"width\":640,\"height\":640,\"caption\":\"Motorbike Mobility 2 Wheel Electrico Scooter 3000w\"},{\"@type\":\"BreadcrumbList\",\"@id\":\"https:\/\/kaisaimoto.com\/product\/2-wheel-electrico-kick-scooter\/#breadcrumb\",\"itemListElement\":[{\"@type\":\"ListItem\",\"position\":1,\"name\":\"\u9996\u9875\",\"item\":\"https:\/\/kaisaimoto.com\/\"},{\"@type\":\"ListItem\",\"position\":2,\"name\":\"Store\",\"item\":\"https:\/\/kaisaimoto.com\/store\/\"},{\"@type\":\"ListItem\",\"position\":3,\"name\":\"Motorbike Mobility 2 Wheel Electrico Scooter 3000w Adult Enduro Motorbike\"}]},{\"@type\":\"WebSite\",\"@id\":\"https:\/\/kaisaimoto.com\/#website\",\"url\":\"https:\/\/kaisaimoto.com\/\",\"name\":\"China's Leading Electric Motorcycle & E-Bike Supplier\",\"description\":\"Reliable Source Manufacturer of Affordable Electric Motorcycle\",\"publisher\":{\"@id\":\"https:\/\/kaisaimoto.com\/#organization\"},\"potentialAction\":[{\"@type\":\"SearchAction\",\"target\":{\"@type\":\"EntryPoint\",\"urlTemplate\":\"https:\/\/kaisaimoto.com\/?s={search_term_string}\"},\"query-input\":{\"@type\":\"PropertyValueSpecification\",\"valueRequired\":true,\"valueName\":\"search_term_string\"}}],\"inLanguage\":\"fr-FR\"},{\"@type\":\"Organization\",\"@id\":\"https:\/\/kaisaimoto.com\/#organization\",\"name\":\"China's Leading Electric Motorcycle & E-Bike Supplier\",\"url\":\"https:\/\/kaisaimoto.com\/\",\"logo\":{\"@type\":\"ImageObject\",\"inLanguage\":\"fr-FR\",\"@id\":\"https:\/\/kaisaimoto.com\/#\/schema\/logo\/image\/\",\"url\":\"https:\/\/kaisaimoto.com\/wp-content\/uploads\/2025\/08\/cropped-cropped-a3a04e143a1a2cc4a3a5c2da85f015c4-scaled-1.png\",\"contentUrl\":\"https:\/\/kaisaimoto.com\/wp-content\/uploads\/2025\/08\/cropped-cropped-a3a04e143a1a2cc4a3a5c2da85f015c4-scaled-1.png\",\"width\":1247,\"height\":903,\"caption\":\"China's Leading Electric Motorcycle & E-Bike Supplier\"},\"image\":{\"@id\":\"https:\/\/kaisaimoto.com\/#\/schema\/logo\/image\/\"}}]}<\/script>\n<!-- \/ Yoast SEO plugin. -->","yoast_head_json":{"title":"Moto \u00e9lectrique Kaisai \u00e0 deux roues, scooter 3000 W pour adultes, enduro","description":"Moto \u00e9lectrique Kaisai \u00e0 deux roues, scooter 3000 W pour adultes, enduro","robots":{"index":"index","follow":"follow","max-snippet":"max-snippet:-1","max-image-preview":"max-image-preview:large","max-video-preview":"max-video-preview:-1"},"canonical":"https:\/\/kaisaimoto.com\/fr\/produit\/2-wheel-electrico-kick-scooter\/","og_locale":"fr_FR","og_type":"article","og_title":"Motorbike Mobility 2 Wheel Electrico Scooter 3000w Adult Enduro Motorbike - Kaisai Electric Motorcycle","og_description":"Motorbike Mobility 2 Wheel Electrico Scooter 3000w Adult Enduro Motorbike - Kaisai Electric Motorcycle","og_url":"https:\/\/kaisaimoto.com\/fr\/produit\/2-wheel-electrico-kick-scooter\/","og_site_name":"Kaisai Electric Motorcycle","article_modified_time":"2025-09-24T10:11:41+00:00","og_image":[{"width":640,"height":640,"url":"https:\/\/kaisaimoto.com\/wp-content\/uploads\/2025\/08\/H78edd74dd855476b8e470a8a70207784k.webp","type":"image\/webp"}],"twitter_card":"summary_large_image","twitter_misc":{"Dur\u00e9e de lecture estim\u00e9e":"4 minutes"},"schema":{"@context":"https:\/\/schema.org","@graph":[{"@type":"WebPage","@id":"https:\/\/kaisaimoto.com\/product\/2-wheel-electrico-kick-scooter\/","url":"https:\/\/kaisaimoto.com\/product\/2-wheel-electrico-kick-scooter\/","name":"Moto \u00e9lectrique Kaisai \u00e0 deux roues, scooter 3000 W pour adultes, enduro","isPartOf":{"@id":"https:\/\/kaisaimoto.com\/#website"},"primaryImageOfPage":{"@id":"https:\/\/kaisaimoto.com\/product\/2-wheel-electrico-kick-scooter\/#primaryimage"},"image":{"@id":"https:\/\/kaisaimoto.com\/product\/2-wheel-electrico-kick-scooter\/#primaryimage"},"thumbnailUrl":"https:\/\/kaisaimoto.com\/wp-content\/uploads\/2025\/08\/H78edd74dd855476b8e470a8a70207784k.webp","datePublished":"2025-08-16T07:12:13+00:00","dateModified":"2025-09-24T10:11:41+00:00","description":"Moto \u00e9lectrique Kaisai \u00e0 deux roues, scooter 3000 W pour adultes, enduro","breadcrumb":{"@id":"https:\/\/kaisaimoto.com\/product\/2-wheel-electrico-kick-scooter\/#breadcrumb"},"inLanguage":"fr-FR","potentialAction":[{"@type":"ReadAction","target":["https:\/\/kaisaimoto.com\/product\/2-wheel-electrico-kick-scooter\/"]}]},{"@type":"ImageObject","inLanguage":"fr-FR","@id":"https:\/\/kaisaimoto.com\/product\/2-wheel-electrico-kick-scooter\/#primaryimage","url":"https:\/\/kaisaimoto.com\/wp-content\/uploads\/2025\/08\/H78edd74dd855476b8e470a8a70207784k.webp","contentUrl":"https:\/\/kaisaimoto.com\/wp-content\/uploads\/2025\/08\/H78edd74dd855476b8e470a8a70207784k.webp","width":640,"height":640,"caption":"Motorbike Mobility 2 Wheel Electrico Scooter 3000w"},{"@type":"BreadcrumbList","@id":"https:\/\/kaisaimoto.com\/product\/2-wheel-electrico-kick-scooter\/#breadcrumb","itemListElement":[{"@type":"ListItem","position":1,"name":"\u9996\u9875","item":"https:\/\/kaisaimoto.com\/"},{"@type":"ListItem","position":2,"name":"Store","item":"https:\/\/kaisaimoto.com\/store\/"},{"@type":"ListItem","position":3,"name":"Motorbike Mobility 2 Wheel Electrico Scooter 3000w Adult Enduro Motorbike"}]},{"@type":"WebSite","@id":"https:\/\/kaisaimoto.com\/#website","url":"https:\/\/kaisaimoto.com\/","name":"Le principal fournisseur chinois de motos \u00e9lectriques et de v\u00e9los \u00e9lectriques","description":"Fabricant fiable de motos \u00e9lectriques abordables","publisher":{"@id":"https:\/\/kaisaimoto.com\/#organization"},"potentialAction":[{"@type":"SearchAction","target":{"@type":"EntryPoint","urlTemplate":"https:\/\/kaisaimoto.com\/?s={search_term_string}"},"query-input":{"@type":"PropertyValueSpecification","valueRequired":true,"valueName":"search_term_string"}}],"inLanguage":"fr-FR"},{"@type":"Organization","@id":"https:\/\/kaisaimoto.com\/#organization","name":"Le principal fournisseur chinois de motos \u00e9lectriques et de v\u00e9los \u00e9lectriques","url":"https:\/\/kaisaimoto.com\/","logo":{"@type":"ImageObject","inLanguage":"fr-FR","@id":"https:\/\/kaisaimoto.com\/#\/schema\/logo\/image\/","url":"https:\/\/kaisaimoto.com\/wp-content\/uploads\/2025\/08\/cropped-cropped-a3a04e143a1a2cc4a3a5c2da85f015c4-scaled-1.png","contentUrl":"https:\/\/kaisaimoto.com\/wp-content\/uploads\/2025\/08\/cropped-cropped-a3a04e143a1a2cc4a3a5c2da85f015c4-scaled-1.png","width":1247,"height":903,"caption":"China's Leading Electric Motorcycle & E-Bike Supplier"},"image":{"@id":"https:\/\/kaisaimoto.com\/#\/schema\/logo\/image\/"}}]}},"uagb_featured_image_src":{"full":["https:\/\/kaisaimoto.com\/wp-content\/uploads\/2025\/08\/H78edd74dd855476b8e470a8a70207784k.webp",640,640,false],"thumbnail":["https:\/\/kaisaimoto.com\/wp-content\/uploads\/2025\/08\/H78edd74dd855476b8e470a8a70207784k-150x150.webp",150,150,true],"medium":["https:\/\/kaisaimoto.com\/wp-content\/uploads\/2025\/08\/H78edd74dd855476b8e470a8a70207784k-300x300.webp",300,300,true],"medium_large":["https:\/\/kaisaimoto.com\/wp-content\/uploads\/2025\/08\/H78edd74dd855476b8e470a8a70207784k.webp",640,640,false],"large":["https:\/\/kaisaimoto.com\/wp-content\/uploads\/2025\/08\/H78edd74dd855476b8e470a8a70207784k.webp",640,640,false],"1536x1536":["https:\/\/kaisaimoto.com\/wp-content\/uploads\/2025\/08\/H78edd74dd855476b8e470a8a70207784k.webp",640,640,false],"2048x2048":["https:\/\/kaisaimoto.com\/wp-content\/uploads\/2025\/08\/H78edd74dd855476b8e470a8a70207784k.webp",640,640,false],"trp-custom-language-flag":["https:\/\/kaisaimoto.com\/wp-content\/uploads\/2025\/08\/H78edd74dd855476b8e470a8a70207784k.webp",12,12,false],"woocommerce_thumbnail":["https:\/\/kaisaimoto.com\/wp-content\/uploads\/2025\/08\/H78edd74dd855476b8e470a8a70207784k-300x300.webp",300,300,true],"woocommerce_single":["https:\/\/kaisaimoto.com\/wp-content\/uploads\/2025\/08\/H78edd74dd855476b8e470a8a70207784k-600x600.webp",600,600,true],"woocommerce_gallery_thumbnail":["https:\/\/kaisaimoto.com\/wp-content\/uploads\/2025\/08\/H78edd74dd855476b8e470a8a70207784k-100x100.webp",100,100,true]},"uagb_author_info":{"display_name":"cxgginsz@gmail.com","author_link":"https:\/\/kaisaimoto.com\/fr\/author\/"},"uagb_comment_info":0,"uagb_excerpt":"Bulk supply available: Stable inventory to meet large-order demands. Competitive wholesale pricing: Favorable margins for resellers. Diverse models: Wide range of options to cater to varied market needs. Efficient logistics: Streamlined delivery for bulk shipments. Support for resellers: Marketing materials and after-sales assistance available.","_links":{"self":[{"href":"https:\/\/kaisaimoto.com\/fr\/wp-json\/wp\/v2\/product\/3295","targetHints":{"allow":["GET"]}}],"collection":[{"href":"https:\/\/kaisaimoto.com\/fr\/wp-json\/wp\/v2\/product"}],"about":[{"href":"https:\/\/kaisaimoto.com\/fr\/wp-json\/wp\/v2\/types\/product"}],"replies":[{"embeddable":true,"href":"https:\/\/kaisaimoto.com\/fr\/wp-json\/wp\/v2\/comments?post=3295"}],"wp:featuredmedia":[{"embeddable":true,"href":"https:\/\/kaisaimoto.com\/fr\/wp-json\/wp\/v2\/media\/3297"}],"wp:attachment":[{"href":"https:\/\/kaisaimoto.com\/fr\/wp-json\/wp\/v2\/media?parent=3295"}],"wp:term":[{"taxonomy":"product_brand","embeddable":true,"href":"https:\/\/kaisaimoto.com\/fr\/wp-json\/wp\/v2\/product_brand?post=3295"},{"taxonomy":"product_cat","embeddable":true,"href":"https:\/\/kaisaimoto.com\/fr\/wp-json\/wp\/v2\/product_cat?post=3295"},{"taxonomy":"product_tag","embeddable":true,"href":"https:\/\/kaisaimoto.com\/fr\/wp-json\/wp\/v2\/product_tag?post=3295"}],"curies":[{"name":"wp","href":"https:\/\/api.w.org\/{rel}","templated":true}]}}