{"id":3244,"date":"2025-08-16T05:43:41","date_gmt":"2025-08-16T05:43:41","guid":{"rendered":"https:\/\/kaisaimoto.com\/?post_type=product&#038;p=3244"},"modified":"2025-09-24T10:19:01","modified_gmt":"2025-09-24T10:19:01","slug":"dirtbike-mobility-scooters","status":"publish","type":"product","link":"https:\/\/kaisaimoto.com\/fr\/produit\/dirtbike-mobility-scooters\/","title":{"rendered":"Motos tout-terrain, scooters de mobilit\u00e9, motos \u00e9lectriques vintage \u00e0 deux roues"},"content":{"rendered":"<h2 title=\"Scooters de mobilit\u00e9 tout-terrain longue autonomie 3000 W CKD \u00e0 2 roues, motos \u00e9lectriques vintage puissantes pour adultes, en vente en gros\" data-spm-anchor-id=\"a2700.details.0.i101.6b7638bb4iNFKx\"><strong>Scooters de mobilit\u00e9 tout-terrain longue autonomie 3000 W CKD \u00e0 2 roues, motos \u00e9lectriques vintage puissantes pour adultes, en vente en gros<\/strong><\/h2>\n<p><span class=\"magic-28\">Emballage carton, emballage bo\u00eete couleur, emballage personnalis\u00e9. <\/span><\/p>\n<p><span class=\"magic-28\">La quantit\u00e9 de tous les produits en stock est g\u00e9r\u00e9e en fonction de l&#039;ordre de production r\u00e9el et de la situation des ventes.<\/span><\/p>\n<div><span class=\"magic-28\"> 1. Les frais d&#039;exp\u00e9dition indiqu\u00e9s par le syst\u00e8me peuvent \u00eatre incorrects. Veuillez nous contacter pour toute modification comptable. <\/span><\/div>\n<div><span class=\"magic-28\" data-spm-anchor-id=\"a2700.details-description.0.i2.658fnowlnowl0r\"> 2. Nous pouvons r\u00e9aliser tout type d&#039;emballage selon vos exigences. <\/span><\/div>\n<div><span class=\"magic-28\"> 3. Faites-moi part de votre id\u00e9e.<\/span><\/div>\n<div><img loading=\"lazy\" decoding=\"async\" class=\"alignnone wp-image-3249\" src=\"https:\/\/kaisaimoto.com\/wp-content\/uploads\/2025\/08\/H901266b4f1e84d2eb0e4b1e9e3eaf1eda-300x300.jpg\" alt=\"\" width=\"518\" height=\"518\" srcset=\"https:\/\/kaisaimoto.com\/wp-content\/uploads\/2025\/08\/H901266b4f1e84d2eb0e4b1e9e3eaf1eda-300x300.jpg 300w, https:\/\/kaisaimoto.com\/wp-content\/uploads\/2025\/08\/H901266b4f1e84d2eb0e4b1e9e3eaf1eda-1024x1024.jpg 1024w, https:\/\/kaisaimoto.com\/wp-content\/uploads\/2025\/08\/H901266b4f1e84d2eb0e4b1e9e3eaf1eda-150x150.jpg 150w, https:\/\/kaisaimoto.com\/wp-content\/uploads\/2025\/08\/H901266b4f1e84d2eb0e4b1e9e3eaf1eda-768x768.jpg 768w, https:\/\/kaisaimoto.com\/wp-content\/uploads\/2025\/08\/H901266b4f1e84d2eb0e4b1e9e3eaf1eda-600x600.jpg 600w, https:\/\/kaisaimoto.com\/wp-content\/uploads\/2025\/08\/H901266b4f1e84d2eb0e4b1e9e3eaf1eda-100x100.jpg 100w, https:\/\/kaisaimoto.com\/wp-content\/uploads\/2025\/08\/H901266b4f1e84d2eb0e4b1e9e3eaf1eda.jpg 1512w\" sizes=\"auto, (max-width: 518px) 100vw, 518px\" \/><\/div>\n<div><img loading=\"lazy\" decoding=\"async\" class=\"alignnone wp-image-3248\" src=\"https:\/\/kaisaimoto.com\/wp-content\/uploads\/2025\/08\/H29210b0b50144094b774ffd3e645c5683-300x300.jpg\" alt=\"\" width=\"519\" height=\"519\" srcset=\"https:\/\/kaisaimoto.com\/wp-content\/uploads\/2025\/08\/H29210b0b50144094b774ffd3e645c5683-300x300.jpg 300w, https:\/\/kaisaimoto.com\/wp-content\/uploads\/2025\/08\/H29210b0b50144094b774ffd3e645c5683-1024x1024.jpg 1024w, https:\/\/kaisaimoto.com\/wp-content\/uploads\/2025\/08\/H29210b0b50144094b774ffd3e645c5683-150x150.jpg 150w, https:\/\/kaisaimoto.com\/wp-content\/uploads\/2025\/08\/H29210b0b50144094b774ffd3e645c5683-768x768.jpg 768w, https:\/\/kaisaimoto.com\/wp-content\/uploads\/2025\/08\/H29210b0b50144094b774ffd3e645c5683-600x600.jpg 600w, https:\/\/kaisaimoto.com\/wp-content\/uploads\/2025\/08\/H29210b0b50144094b774ffd3e645c5683-100x100.jpg 100w, https:\/\/kaisaimoto.com\/wp-content\/uploads\/2025\/08\/H29210b0b50144094b774ffd3e645c5683.jpg 1512w\" sizes=\"auto, (max-width: 519px) 100vw, 519px\" \/><\/div>\n<div><img loading=\"lazy\" decoding=\"async\" class=\"alignnone wp-image-3246\" src=\"https:\/\/kaisaimoto.com\/wp-content\/uploads\/2025\/08\/H51c239aed1d74fe9ad9f39b3dd660c461-300x300.jpg\" alt=\"\" width=\"521\" height=\"521\" srcset=\"https:\/\/kaisaimoto.com\/wp-content\/uploads\/2025\/08\/H51c239aed1d74fe9ad9f39b3dd660c461-300x300.jpg 300w, https:\/\/kaisaimoto.com\/wp-content\/uploads\/2025\/08\/H51c239aed1d74fe9ad9f39b3dd660c461-1024x1024.jpg 1024w, https:\/\/kaisaimoto.com\/wp-content\/uploads\/2025\/08\/H51c239aed1d74fe9ad9f39b3dd660c461-150x150.jpg 150w, https:\/\/kaisaimoto.com\/wp-content\/uploads\/2025\/08\/H51c239aed1d74fe9ad9f39b3dd660c461-768x768.jpg 768w, https:\/\/kaisaimoto.com\/wp-content\/uploads\/2025\/08\/H51c239aed1d74fe9ad9f39b3dd660c461-600x600.jpg 600w, https:\/\/kaisaimoto.com\/wp-content\/uploads\/2025\/08\/H51c239aed1d74fe9ad9f39b3dd660c461-100x100.jpg 100w, https:\/\/kaisaimoto.com\/wp-content\/uploads\/2025\/08\/H51c239aed1d74fe9ad9f39b3dd660c461.jpg 1512w\" sizes=\"auto, (max-width: 521px) 100vw, 521px\" \/><\/div>\n<div><img loading=\"lazy\" decoding=\"async\" class=\"alignnone wp-image-3208\" src=\"https:\/\/kaisaimoto.com\/wp-content\/uploads\/2025\/08\/H077bf92e5a564f41a3a7f40f49317773U-238x300.png\" alt=\"\" width=\"535\" height=\"674\" srcset=\"https:\/\/kaisaimoto.com\/wp-content\/uploads\/2025\/08\/H077bf92e5a564f41a3a7f40f49317773U-238x300.png 238w, https:\/\/kaisaimoto.com\/wp-content\/uploads\/2025\/08\/H077bf92e5a564f41a3a7f40f49317773U-600x756.png 600w, https:\/\/kaisaimoto.com\/wp-content\/uploads\/2025\/08\/H077bf92e5a564f41a3a7f40f49317773U.png 750w\" sizes=\"auto, (max-width: 535px) 100vw, 535px\" \/><\/div>\n<div>\n<h3>FAQ<\/h3>\n<div>Q1. Quelles sont vos conditions d&#039;emballage ?<br \/>\nA : G\u00e9n\u00e9ralement, nous emballons nos produits dans des bo\u00eetes blanches neutres et des cartons bruns. Si vous poss\u00e9dez un brevet l\u00e9galement enregistr\u00e9,<br \/>\nNous pouvons emballer les marchandises dans vos bo\u00eetes de marque apr\u00e8s r\u00e9ception de vos lettres d&#039;autorisation. Q2. Quelles sont vos conditions de paiement ?<br \/>\nA: Paiement par virement bancaire (T\/T)\u00a0: 30% comme acompte et 70% avant la livraison. Nous vous enverrons des photos des produits et des emballages.<br \/>\navant de r\u00e9gler le solde. Q3. Quelles sont vos conditions de livraison\u00a0?<br \/>\nA: EXW, FOB, CFR, CIF, DDU. Q4. Quel est votre d\u00e9lai de livraison\u00a0?<br \/>\nR : G\u00e9n\u00e9ralement, il faut compter entre 30 et 60 jours apr\u00e8s r\u00e9ception de votre acompte. Le d\u00e9lai de livraison pr\u00e9cis d\u00e9pend de plusieurs facteurs.<br \/>\nconcernant les articles et la quantit\u00e9 de votre commande. Q5. Pouvez-vous produire selon les \u00e9chantillons\u00a0?<br \/>\nR : Oui, nous pouvons produire \u00e0 partir de vos \u00e9chantillons ou de vos dessins techniques. Nous pouvons fabriquer les moules et les outillages. Q6. Quelle est votre politique d&#039;\u00e9chantillonnage\u00a0?<br \/>\nA: Nous pouvons fournir un \u00e9chantillon si nous avons des pi\u00e8ces en stock, mais les clients doivent payer le co\u00fbt de l&#039;\u00e9chantillon et<br \/>\nQ7. Testez-vous tous vos produits avant la livraison\u00a0?<br \/>\nR : Oui, nous effectuons le test 100% avant la livraison. Q8 : Comment assurez-vous la p\u00e9rennit\u00e9 de notre relation commerciale ?<br \/>\nA:1. Nous maintenons une bonne qualit\u00e9 et des prix comp\u00e9titifs pour garantir le b\u00e9n\u00e9fice de nos clients ;<br \/>\n2. Nous respectons chaque client comme un ami et nous faisons des affaires et nouons des amiti\u00e9s sinc\u00e8res avec eux.,<br \/>\npeu importe d&#039;o\u00f9 ils viennent.<\/div>\n<\/div>","protected":false},"excerpt":{"rendered":"<ol class=\"auto-hide-last-sibling-br\">\n<li>Approvisionnement en gros disponible : stock stable pour r\u00e9pondre aux demandes de commandes importantes.<\/li>\n<li>Prix de gros comp\u00e9titifs\u00a0: marges avantageuses pour les revendeurs.<\/li>\n<li>Des mod\u00e8les vari\u00e9s : un large \u00e9ventail d&#039;options pour r\u00e9pondre aux besoins vari\u00e9s du march\u00e9.<\/li>\n<li>Logistique efficace : Livraison simplifi\u00e9e pour les envois en vrac.<\/li>\n<li>Assistance aux revendeurs\u00a0: Mat\u00e9riel marketing et assistance apr\u00e8s-vente disponibles.<\/li>\n<\/ol>","protected":false},"featured_media":3247,"comment_status":"open","ping_status":"closed","template":"","meta":{"_uag_custom_page_level_css":"","site-sidebar-layout":"default","site-content-layout":"","ast-site-content-layout":"default","site-content-style":"default","site-sidebar-style":"default","ast-global-header-display":"","ast-banner-title-visibility":"","ast-main-header-display":"","ast-hfb-above-header-display":"","ast-hfb-below-header-display":"","ast-hfb-mobile-header-display":"","site-post-title":"","ast-breadcrumbs-content":"","ast-featured-img":"","footer-sml-layout":"","theme-transparent-header-meta":"default","adv-header-id-meta":"","stick-header-meta":"","header-above-stick-meta":"","header-main-stick-meta":"","header-below-stick-meta":"","astra-migrate-meta-layouts":"set","ast-page-background-enabled":"default","ast-page-background-meta":{"desktop":{"background-color":"","background-image":"","background-repeat":"repeat","background-position":"center center","background-size":"auto","background-attachment":"scroll","background-type":"","background-media":"","overlay-type":"","overlay-color":"","overlay-opacity":"","overlay-gradient":""},"tablet":{"background-color":"","background-image":"","background-repeat":"repeat","background-position":"center center","background-size":"auto","background-attachment":"scroll","background-type":"","background-media":"","overlay-type":"","overlay-color":"","overlay-opacity":"","overlay-gradient":""},"mobile":{"background-color":"","background-image":"","background-repeat":"repeat","background-position":"center center","background-size":"auto","background-attachment":"scroll","background-type":"","background-media":"","overlay-type":"","overlay-color":"","overlay-opacity":"","overlay-gradient":""}},"ast-content-background-meta":{"desktop":{"background-color":"var(--ast-global-color-5)","background-image":"","background-repeat":"repeat","background-position":"center center","background-size":"auto","background-attachment":"scroll","background-type":"","background-media":"","overlay-type":"","overlay-color":"","overlay-opacity":"","overlay-gradient":""},"tablet":{"background-color":"var(--ast-global-color-5)","background-image":"","background-repeat":"repeat","background-position":"center center","background-size":"auto","background-attachment":"scroll","background-type":"","background-media":"","overlay-type":"","overlay-color":"","overlay-opacity":"","overlay-gradient":""},"mobile":{"background-color":"var(--ast-global-color-5)","background-image":"","background-repeat":"repeat","background-position":"center center","background-size":"auto","background-attachment":"scroll","background-type":"","background-media":"","overlay-type":"","overlay-color":"","overlay-opacity":"","overlay-gradient":""}}},"product_brand":[],"product_cat":[64,54],"product_tag":[100,65,66],"class_list":{"0":"post-3244","1":"product","2":"type-product","3":"status-publish","4":"has-post-thumbnail","6":"product_cat-e-scooter","7":"product_cat-electric-motorcycles","8":"product_tag-dirtbike-mobility-scooters","9":"product_tag-e-scooter","10":"product_tag-electric-motocycles","11":"desktop-align-left","12":"tablet-align-left","13":"mobile-align-left","15":"first","16":"instock","17":"shipping-taxable","18":"product-type-simple"},"yoast_head":"<!-- This site is optimized with the Yoast SEO plugin v25.8 - https:\/\/yoast.com\/wordpress\/plugins\/seo\/ -->\n<title>Dirtbike Mobility Scooters 2 Wheel Electric Vintage Motorbike - Kaisai Electric Motorcycle<\/title>\n<meta name=\"description\" content=\"Dirtbike Mobility Scooters 2 Wheel Electric Vintage Motorbike - Kaisai Electric Motorcycle\" \/>\n<meta name=\"robots\" content=\"index, follow, max-snippet:-1, max-image-preview:large, max-video-preview:-1\" \/>\n<link rel=\"canonical\" href=\"https:\/\/kaisaimoto.com\/fr\/produit\/dirtbike-mobility-scooters\/\" \/>\n<meta property=\"og:locale\" content=\"fr_FR\" \/>\n<meta property=\"og:type\" content=\"article\" \/>\n<meta property=\"og:title\" content=\"Dirtbike Mobility Scooters 2 Wheel Electric Vintage Motorbike - Kaisai Electric Motorcycle\" \/>\n<meta property=\"og:description\" content=\"Dirtbike Mobility Scooters 2 Wheel Electric Vintage Motorbike - Kaisai Electric Motorcycle\" \/>\n<meta property=\"og:url\" content=\"https:\/\/kaisaimoto.com\/fr\/produit\/dirtbike-mobility-scooters\/\" \/>\n<meta property=\"og:site_name\" content=\"Kaisai Electric Motorcycle\" \/>\n<meta property=\"article:modified_time\" content=\"2025-09-24T10:19:01+00:00\" \/>\n<meta property=\"og:image\" content=\"https:\/\/kaisaimoto.com\/wp-content\/uploads\/2025\/08\/H0095b66764604b5a8f81eaf0a506a5b0w.webp\" \/>\n\t<meta property=\"og:image:width\" content=\"650\" \/>\n\t<meta property=\"og:image:height\" content=\"650\" \/>\n\t<meta property=\"og:image:type\" content=\"image\/webp\" \/>\n<meta name=\"twitter:card\" content=\"summary_large_image\" \/>\n<meta name=\"twitter:label1\" content=\"Dur\u00e9e de lecture estim\u00e9e\" \/>\n\t<meta name=\"twitter:data1\" content=\"3 minutes\" \/>\n<script type=\"application\/ld+json\" class=\"yoast-schema-graph\">{\"@context\":\"https:\/\/schema.org\",\"@graph\":[{\"@type\":\"WebPage\",\"@id\":\"https:\/\/kaisaimoto.com\/product\/dirtbike-mobility-scooters\/\",\"url\":\"https:\/\/kaisaimoto.com\/product\/dirtbike-mobility-scooters\/\",\"name\":\"Dirtbike Mobility Scooters 2 Wheel Electric Vintage Motorbike - Kaisai Electric Motorcycle\",\"isPartOf\":{\"@id\":\"https:\/\/kaisaimoto.com\/#website\"},\"primaryImageOfPage\":{\"@id\":\"https:\/\/kaisaimoto.com\/product\/dirtbike-mobility-scooters\/#primaryimage\"},\"image\":{\"@id\":\"https:\/\/kaisaimoto.com\/product\/dirtbike-mobility-scooters\/#primaryimage\"},\"thumbnailUrl\":\"https:\/\/kaisaimoto.com\/wp-content\/uploads\/2025\/08\/H0095b66764604b5a8f81eaf0a506a5b0w.webp\",\"datePublished\":\"2025-08-16T05:43:41+00:00\",\"dateModified\":\"2025-09-24T10:19:01+00:00\",\"description\":\"Dirtbike Mobility Scooters 2 Wheel Electric Vintage Motorbike - Kaisai Electric Motorcycle\",\"breadcrumb\":{\"@id\":\"https:\/\/kaisaimoto.com\/product\/dirtbike-mobility-scooters\/#breadcrumb\"},\"inLanguage\":\"fr-FR\",\"potentialAction\":[{\"@type\":\"ReadAction\",\"target\":[\"https:\/\/kaisaimoto.com\/product\/dirtbike-mobility-scooters\/\"]}]},{\"@type\":\"ImageObject\",\"inLanguage\":\"fr-FR\",\"@id\":\"https:\/\/kaisaimoto.com\/product\/dirtbike-mobility-scooters\/#primaryimage\",\"url\":\"https:\/\/kaisaimoto.com\/wp-content\/uploads\/2025\/08\/H0095b66764604b5a8f81eaf0a506a5b0w.webp\",\"contentUrl\":\"https:\/\/kaisaimoto.com\/wp-content\/uploads\/2025\/08\/H0095b66764604b5a8f81eaf0a506a5b0w.webp\",\"width\":650,\"height\":650,\"caption\":\"Wholesale Long Range Dirtbike Mobility Scooters 3000w Ckd\"},{\"@type\":\"BreadcrumbList\",\"@id\":\"https:\/\/kaisaimoto.com\/product\/dirtbike-mobility-scooters\/#breadcrumb\",\"itemListElement\":[{\"@type\":\"ListItem\",\"position\":1,\"name\":\"\u9996\u9875\",\"item\":\"https:\/\/kaisaimoto.com\/\"},{\"@type\":\"ListItem\",\"position\":2,\"name\":\"Store\",\"item\":\"https:\/\/kaisaimoto.com\/store\/\"},{\"@type\":\"ListItem\",\"position\":3,\"name\":\"Dirtbike Mobility Scooters 2 Wheel Electric Vintage Motorbike\"}]},{\"@type\":\"WebSite\",\"@id\":\"https:\/\/kaisaimoto.com\/#website\",\"url\":\"https:\/\/kaisaimoto.com\/\",\"name\":\"China's Leading Electric Motorcycle & E-Bike Supplier\",\"description\":\"Reliable Source Manufacturer of Affordable Electric Motorcycle\",\"publisher\":{\"@id\":\"https:\/\/kaisaimoto.com\/#organization\"},\"potentialAction\":[{\"@type\":\"SearchAction\",\"target\":{\"@type\":\"EntryPoint\",\"urlTemplate\":\"https:\/\/kaisaimoto.com\/?s={search_term_string}\"},\"query-input\":{\"@type\":\"PropertyValueSpecification\",\"valueRequired\":true,\"valueName\":\"search_term_string\"}}],\"inLanguage\":\"fr-FR\"},{\"@type\":\"Organization\",\"@id\":\"https:\/\/kaisaimoto.com\/#organization\",\"name\":\"China's Leading Electric Motorcycle & E-Bike Supplier\",\"url\":\"https:\/\/kaisaimoto.com\/\",\"logo\":{\"@type\":\"ImageObject\",\"inLanguage\":\"fr-FR\",\"@id\":\"https:\/\/kaisaimoto.com\/#\/schema\/logo\/image\/\",\"url\":\"https:\/\/kaisaimoto.com\/wp-content\/uploads\/2025\/08\/cropped-cropped-a3a04e143a1a2cc4a3a5c2da85f015c4-scaled-1.png\",\"contentUrl\":\"https:\/\/kaisaimoto.com\/wp-content\/uploads\/2025\/08\/cropped-cropped-a3a04e143a1a2cc4a3a5c2da85f015c4-scaled-1.png\",\"width\":1247,\"height\":903,\"caption\":\"China's Leading Electric Motorcycle & E-Bike Supplier\"},\"image\":{\"@id\":\"https:\/\/kaisaimoto.com\/#\/schema\/logo\/image\/\"}}]}<\/script>\n<!-- \/ Yoast SEO plugin. -->","yoast_head_json":{"title":"Motos \u00e9lectriques vintage \u00e0 deux roues, scooters de mobilit\u00e9 tout-terrain - Moto \u00e9lectrique Kaisai","description":"Motos \u00e9lectriques vintage \u00e0 deux roues, scooters de mobilit\u00e9 tout-terrain - Moto \u00e9lectrique Kaisai","robots":{"index":"index","follow":"follow","max-snippet":"max-snippet:-1","max-image-preview":"max-image-preview:large","max-video-preview":"max-video-preview:-1"},"canonical":"https:\/\/kaisaimoto.com\/fr\/produit\/dirtbike-mobility-scooters\/","og_locale":"fr_FR","og_type":"article","og_title":"Dirtbike Mobility Scooters 2 Wheel Electric Vintage Motorbike - Kaisai Electric Motorcycle","og_description":"Dirtbike Mobility Scooters 2 Wheel Electric Vintage Motorbike - Kaisai Electric Motorcycle","og_url":"https:\/\/kaisaimoto.com\/fr\/produit\/dirtbike-mobility-scooters\/","og_site_name":"Kaisai Electric Motorcycle","article_modified_time":"2025-09-24T10:19:01+00:00","og_image":[{"width":650,"height":650,"url":"https:\/\/kaisaimoto.com\/wp-content\/uploads\/2025\/08\/H0095b66764604b5a8f81eaf0a506a5b0w.webp","type":"image\/webp"}],"twitter_card":"summary_large_image","twitter_misc":{"Dur\u00e9e de lecture estim\u00e9e":"3 minutes"},"schema":{"@context":"https:\/\/schema.org","@graph":[{"@type":"WebPage","@id":"https:\/\/kaisaimoto.com\/product\/dirtbike-mobility-scooters\/","url":"https:\/\/kaisaimoto.com\/product\/dirtbike-mobility-scooters\/","name":"Motos \u00e9lectriques vintage \u00e0 deux roues, scooters de mobilit\u00e9 tout-terrain - Moto \u00e9lectrique Kaisai","isPartOf":{"@id":"https:\/\/kaisaimoto.com\/#website"},"primaryImageOfPage":{"@id":"https:\/\/kaisaimoto.com\/product\/dirtbike-mobility-scooters\/#primaryimage"},"image":{"@id":"https:\/\/kaisaimoto.com\/product\/dirtbike-mobility-scooters\/#primaryimage"},"thumbnailUrl":"https:\/\/kaisaimoto.com\/wp-content\/uploads\/2025\/08\/H0095b66764604b5a8f81eaf0a506a5b0w.webp","datePublished":"2025-08-16T05:43:41+00:00","dateModified":"2025-09-24T10:19:01+00:00","description":"Motos \u00e9lectriques vintage \u00e0 deux roues, scooters de mobilit\u00e9 tout-terrain - Moto \u00e9lectrique Kaisai","breadcrumb":{"@id":"https:\/\/kaisaimoto.com\/product\/dirtbike-mobility-scooters\/#breadcrumb"},"inLanguage":"fr-FR","potentialAction":[{"@type":"ReadAction","target":["https:\/\/kaisaimoto.com\/product\/dirtbike-mobility-scooters\/"]}]},{"@type":"ImageObject","inLanguage":"fr-FR","@id":"https:\/\/kaisaimoto.com\/product\/dirtbike-mobility-scooters\/#primaryimage","url":"https:\/\/kaisaimoto.com\/wp-content\/uploads\/2025\/08\/H0095b66764604b5a8f81eaf0a506a5b0w.webp","contentUrl":"https:\/\/kaisaimoto.com\/wp-content\/uploads\/2025\/08\/H0095b66764604b5a8f81eaf0a506a5b0w.webp","width":650,"height":650,"caption":"Wholesale Long Range Dirtbike Mobility Scooters 3000w Ckd"},{"@type":"BreadcrumbList","@id":"https:\/\/kaisaimoto.com\/product\/dirtbike-mobility-scooters\/#breadcrumb","itemListElement":[{"@type":"ListItem","position":1,"name":"\u9996\u9875","item":"https:\/\/kaisaimoto.com\/"},{"@type":"ListItem","position":2,"name":"Store","item":"https:\/\/kaisaimoto.com\/store\/"},{"@type":"ListItem","position":3,"name":"Dirtbike Mobility Scooters 2 Wheel Electric Vintage Motorbike"}]},{"@type":"WebSite","@id":"https:\/\/kaisaimoto.com\/#website","url":"https:\/\/kaisaimoto.com\/","name":"Le principal fournisseur chinois de motos \u00e9lectriques et de v\u00e9los \u00e9lectriques","description":"Fabricant fiable de motos \u00e9lectriques abordables","publisher":{"@id":"https:\/\/kaisaimoto.com\/#organization"},"potentialAction":[{"@type":"SearchAction","target":{"@type":"EntryPoint","urlTemplate":"https:\/\/kaisaimoto.com\/?s={search_term_string}"},"query-input":{"@type":"PropertyValueSpecification","valueRequired":true,"valueName":"search_term_string"}}],"inLanguage":"fr-FR"},{"@type":"Organization","@id":"https:\/\/kaisaimoto.com\/#organization","name":"Le principal fournisseur chinois de motos \u00e9lectriques et de v\u00e9los \u00e9lectriques","url":"https:\/\/kaisaimoto.com\/","logo":{"@type":"ImageObject","inLanguage":"fr-FR","@id":"https:\/\/kaisaimoto.com\/#\/schema\/logo\/image\/","url":"https:\/\/kaisaimoto.com\/wp-content\/uploads\/2025\/08\/cropped-cropped-a3a04e143a1a2cc4a3a5c2da85f015c4-scaled-1.png","contentUrl":"https:\/\/kaisaimoto.com\/wp-content\/uploads\/2025\/08\/cropped-cropped-a3a04e143a1a2cc4a3a5c2da85f015c4-scaled-1.png","width":1247,"height":903,"caption":"China's Leading Electric Motorcycle & E-Bike Supplier"},"image":{"@id":"https:\/\/kaisaimoto.com\/#\/schema\/logo\/image\/"}}]}},"uagb_featured_image_src":{"full":["https:\/\/kaisaimoto.com\/wp-content\/uploads\/2025\/08\/H0095b66764604b5a8f81eaf0a506a5b0w.webp",650,650,false],"thumbnail":["https:\/\/kaisaimoto.com\/wp-content\/uploads\/2025\/08\/H0095b66764604b5a8f81eaf0a506a5b0w-150x150.webp",150,150,true],"medium":["https:\/\/kaisaimoto.com\/wp-content\/uploads\/2025\/08\/H0095b66764604b5a8f81eaf0a506a5b0w-300x300.webp",300,300,true],"medium_large":["https:\/\/kaisaimoto.com\/wp-content\/uploads\/2025\/08\/H0095b66764604b5a8f81eaf0a506a5b0w.webp",650,650,false],"large":["https:\/\/kaisaimoto.com\/wp-content\/uploads\/2025\/08\/H0095b66764604b5a8f81eaf0a506a5b0w.webp",650,650,false],"1536x1536":["https:\/\/kaisaimoto.com\/wp-content\/uploads\/2025\/08\/H0095b66764604b5a8f81eaf0a506a5b0w.webp",650,650,false],"2048x2048":["https:\/\/kaisaimoto.com\/wp-content\/uploads\/2025\/08\/H0095b66764604b5a8f81eaf0a506a5b0w.webp",650,650,false],"trp-custom-language-flag":["https:\/\/kaisaimoto.com\/wp-content\/uploads\/2025\/08\/H0095b66764604b5a8f81eaf0a506a5b0w.webp",12,12,false],"woocommerce_thumbnail":["https:\/\/kaisaimoto.com\/wp-content\/uploads\/2025\/08\/H0095b66764604b5a8f81eaf0a506a5b0w-300x300.webp",300,300,true],"woocommerce_single":["https:\/\/kaisaimoto.com\/wp-content\/uploads\/2025\/08\/H0095b66764604b5a8f81eaf0a506a5b0w-600x600.webp",600,600,true],"woocommerce_gallery_thumbnail":["https:\/\/kaisaimoto.com\/wp-content\/uploads\/2025\/08\/H0095b66764604b5a8f81eaf0a506a5b0w-100x100.webp",100,100,true]},"uagb_author_info":{"display_name":"cxgginsz@gmail.com","author_link":"https:\/\/kaisaimoto.com\/fr\/author\/"},"uagb_comment_info":0,"uagb_excerpt":"Bulk supply available: Stable inventory to meet large-order demands. Competitive wholesale pricing: Favorable margins for resellers. Diverse models: Wide range of options to cater to varied market needs. Efficient logistics: Streamlined delivery for bulk shipments. Support for resellers: Marketing materials and after-sales assistance available.","_links":{"self":[{"href":"https:\/\/kaisaimoto.com\/fr\/wp-json\/wp\/v2\/product\/3244","targetHints":{"allow":["GET"]}}],"collection":[{"href":"https:\/\/kaisaimoto.com\/fr\/wp-json\/wp\/v2\/product"}],"about":[{"href":"https:\/\/kaisaimoto.com\/fr\/wp-json\/wp\/v2\/types\/product"}],"replies":[{"embeddable":true,"href":"https:\/\/kaisaimoto.com\/fr\/wp-json\/wp\/v2\/comments?post=3244"}],"wp:featuredmedia":[{"embeddable":true,"href":"https:\/\/kaisaimoto.com\/fr\/wp-json\/wp\/v2\/media\/3247"}],"wp:attachment":[{"href":"https:\/\/kaisaimoto.com\/fr\/wp-json\/wp\/v2\/media?parent=3244"}],"wp:term":[{"taxonomy":"product_brand","embeddable":true,"href":"https:\/\/kaisaimoto.com\/fr\/wp-json\/wp\/v2\/product_brand?post=3244"},{"taxonomy":"product_cat","embeddable":true,"href":"https:\/\/kaisaimoto.com\/fr\/wp-json\/wp\/v2\/product_cat?post=3244"},{"taxonomy":"product_tag","embeddable":true,"href":"https:\/\/kaisaimoto.com\/fr\/wp-json\/wp\/v2\/product_tag?post=3244"}],"curies":[{"name":"wp","href":"https:\/\/api.w.org\/{rel}","templated":true}]}}