{"id":3237,"date":"2025-08-16T05:22:31","date_gmt":"2025-08-16T05:22:31","guid":{"rendered":"https:\/\/kaisaimoto.com\/?post_type=product&#038;p=3237"},"modified":"2025-09-24T10:20:07","modified_gmt":"2025-09-24T10:20:07","slug":"3kw-ckd-cargo-box-electric-motorcycle","status":"publish","type":"product","link":"https:\/\/kaisaimoto.com\/fr\/produit\/3kw-ckd-cargo-box-electric-motorcycle\/","title":{"rendered":"Moto \u00e9lectrique 3 kW CKD Cargo Box pour la livraison de repas"},"content":{"rendered":"<h2 title=\"Moto \u00e9lectrique 3 kW homologu\u00e9e route \u00e0 petit prix, avec coffre de chargement, scooter puissant pour adultes, v\u00e9lo de livraison de repas \u00e0 deux roues pour hommes\" data-spm-anchor-id=\"a2700.details.0.i106.2f2f2eb64Tyo32\"><strong>Moto \u00e9lectrique 3 kW homologu\u00e9e route \u00e0 petit prix, avec coffre de chargement, scooter puissant pour adultes, v\u00e9lo de livraison de repas \u00e0 deux roues pour hommes<\/strong><\/h2>\n<p><span class=\"magic-28\">Emballage carton, emballage bo\u00eete couleur, emballage personnalis\u00e9. <\/span><\/p>\n<p><span class=\"magic-28\">La quantit\u00e9 de tous les produits en stock est g\u00e9r\u00e9e en fonction de l&#039;ordre de production r\u00e9el et de la situation des ventes.<\/span><\/p>\n<div><span class=\"magic-28\"> 1. Les frais d&#039;exp\u00e9dition indiqu\u00e9s par le syst\u00e8me peuvent \u00eatre incorrects. Veuillez nous contacter pour toute modification comptable. <\/span><\/div>\n<div><span class=\"magic-28\" data-spm-anchor-id=\"a2700.details-description.0.i2.658fnowlnowl0r\"> 2. Nous pouvons r\u00e9aliser tout type d&#039;emballage selon vos exigences. <\/span><\/div>\n<div><span class=\"magic-28\"> 3. Faites-moi part de votre id\u00e9e.<\/span><\/div>\n<div><span class=\"magic-28\"><img loading=\"lazy\" decoding=\"async\" class=\"alignnone wp-image-3242\" src=\"https:\/\/kaisaimoto.com\/wp-content\/uploads\/2025\/08\/Hd1cf92f7fe0b499a81b0522bf4428176y-225x300.jpg\" alt=\"\" width=\"507\" height=\"676\" srcset=\"https:\/\/kaisaimoto.com\/wp-content\/uploads\/2025\/08\/Hd1cf92f7fe0b499a81b0522bf4428176y-225x300.jpg 225w, https:\/\/kaisaimoto.com\/wp-content\/uploads\/2025\/08\/Hd1cf92f7fe0b499a81b0522bf4428176y-600x801.jpg 600w, https:\/\/kaisaimoto.com\/wp-content\/uploads\/2025\/08\/Hd1cf92f7fe0b499a81b0522bf4428176y.jpg 639w\" sizes=\"auto, (max-width: 507px) 100vw, 507px\" \/><\/span><\/div>\n<div><span class=\"magic-28\"> <img loading=\"lazy\" decoding=\"async\" class=\"alignnone wp-image-3241\" src=\"https:\/\/kaisaimoto.com\/wp-content\/uploads\/2025\/08\/Ha082517d913d40ffaeeef584c5c5e8e2Y-300x300.webp\" alt=\"\" width=\"501\" height=\"501\" srcset=\"https:\/\/kaisaimoto.com\/wp-content\/uploads\/2025\/08\/Ha082517d913d40ffaeeef584c5c5e8e2Y-300x300.webp 300w, https:\/\/kaisaimoto.com\/wp-content\/uploads\/2025\/08\/Ha082517d913d40ffaeeef584c5c5e8e2Y-150x150.webp 150w, https:\/\/kaisaimoto.com\/wp-content\/uploads\/2025\/08\/Ha082517d913d40ffaeeef584c5c5e8e2Y-600x600.webp 600w, https:\/\/kaisaimoto.com\/wp-content\/uploads\/2025\/08\/Ha082517d913d40ffaeeef584c5c5e8e2Y-100x100.webp 100w, https:\/\/kaisaimoto.com\/wp-content\/uploads\/2025\/08\/Ha082517d913d40ffaeeef584c5c5e8e2Y.webp 650w\" sizes=\"auto, (max-width: 501px) 100vw, 501px\" \/> <\/span><\/div>\n<div><span class=\"magic-28\"><img loading=\"lazy\" decoding=\"async\" class=\"alignnone wp-image-3240\" src=\"https:\/\/kaisaimoto.com\/wp-content\/uploads\/2025\/08\/H3678a3d2929944cb87aeae126672b752D-225x300.jpg\" alt=\"\" width=\"455\" height=\"607\" srcset=\"https:\/\/kaisaimoto.com\/wp-content\/uploads\/2025\/08\/H3678a3d2929944cb87aeae126672b752D-225x300.jpg 225w, https:\/\/kaisaimoto.com\/wp-content\/uploads\/2025\/08\/H3678a3d2929944cb87aeae126672b752D-600x801.jpg 600w, https:\/\/kaisaimoto.com\/wp-content\/uploads\/2025\/08\/H3678a3d2929944cb87aeae126672b752D.jpg 639w\" sizes=\"auto, (max-width: 455px) 100vw, 455px\" \/><\/span><\/div>\n<div><span class=\"magic-28\"> <img loading=\"lazy\" decoding=\"async\" class=\"alignnone wp-image-3239\" src=\"https:\/\/kaisaimoto.com\/wp-content\/uploads\/2025\/08\/H97c4b4352e45494fa224181f5f9c9250H-225x300.jpg\" alt=\"\" width=\"455\" height=\"607\" srcset=\"https:\/\/kaisaimoto.com\/wp-content\/uploads\/2025\/08\/H97c4b4352e45494fa224181f5f9c9250H-225x300.jpg 225w, https:\/\/kaisaimoto.com\/wp-content\/uploads\/2025\/08\/H97c4b4352e45494fa224181f5f9c9250H-600x800.jpg 600w, https:\/\/kaisaimoto.com\/wp-content\/uploads\/2025\/08\/H97c4b4352e45494fa224181f5f9c9250H.jpg 640w\" sizes=\"auto, (max-width: 455px) 100vw, 455px\" \/><\/span><\/div>\n<div><span class=\"magic-28\"><img loading=\"lazy\" decoding=\"async\" class=\"alignnone wp-image-3238\" src=\"https:\/\/kaisaimoto.com\/wp-content\/uploads\/2025\/08\/H0b29a6fba8d6421b85246b9242e627f1p-225x300.jpg\" alt=\"\" width=\"454\" height=\"605\" srcset=\"https:\/\/kaisaimoto.com\/wp-content\/uploads\/2025\/08\/H0b29a6fba8d6421b85246b9242e627f1p-225x300.jpg 225w, https:\/\/kaisaimoto.com\/wp-content\/uploads\/2025\/08\/H0b29a6fba8d6421b85246b9242e627f1p-600x800.jpg 600w, https:\/\/kaisaimoto.com\/wp-content\/uploads\/2025\/08\/H0b29a6fba8d6421b85246b9242e627f1p.jpg 640w\" sizes=\"auto, (max-width: 454px) 100vw, 454px\" \/><\/span><\/div>\n<div><span class=\"magic-28\"><img loading=\"lazy\" decoding=\"async\" class=\"alignnone wp-image-3208\" src=\"https:\/\/kaisaimoto.com\/wp-content\/uploads\/2025\/08\/H077bf92e5a564f41a3a7f40f49317773U-238x300.png\" alt=\"\" width=\"453\" height=\"571\" srcset=\"https:\/\/kaisaimoto.com\/wp-content\/uploads\/2025\/08\/H077bf92e5a564f41a3a7f40f49317773U-238x300.png 238w, https:\/\/kaisaimoto.com\/wp-content\/uploads\/2025\/08\/H077bf92e5a564f41a3a7f40f49317773U-600x756.png 600w, https:\/\/kaisaimoto.com\/wp-content\/uploads\/2025\/08\/H077bf92e5a564f41a3a7f40f49317773U.png 750w\" sizes=\"auto, (max-width: 453px) 100vw, 453px\" \/>\u00a0<\/span><\/div>\n<div>\n<h3>FAQ<\/h3>\n<div>Q1. Quelles sont vos conditions d&#039;emballage ?<br \/>\nA : G\u00e9n\u00e9ralement, nous emballons nos produits dans des bo\u00eetes blanches neutres et des cartons bruns. Si vous poss\u00e9dez un brevet l\u00e9galement enregistr\u00e9,<br \/>\nNous pouvons emballer les marchandises dans vos bo\u00eetes de marque apr\u00e8s r\u00e9ception de vos lettres d&#039;autorisation. Q2. Quelles sont vos conditions de paiement ?<br \/>\nA: Paiement par virement bancaire (T\/T)\u00a0: 30% comme acompte et 70% avant la livraison. Nous vous enverrons des photos des produits et des emballages.<br \/>\navant de r\u00e9gler le solde. Q3. Quelles sont vos conditions de livraison\u00a0?<br \/>\nA: EXW, FOB, CFR, CIF, DDU. Q4. Quel est votre d\u00e9lai de livraison\u00a0?<br \/>\nR : G\u00e9n\u00e9ralement, il faut compter entre 30 et 60 jours apr\u00e8s r\u00e9ception de votre acompte. Le d\u00e9lai de livraison pr\u00e9cis d\u00e9pend de plusieurs facteurs.<br \/>\nconcernant les articles et la quantit\u00e9 de votre commande. Q5. Pouvez-vous produire selon les \u00e9chantillons\u00a0?<\/div>\n<div>R : Oui, nous pouvons produire \u00e0 partir de vos \u00e9chantillons ou de vos dessins techniques. Nous pouvons fabriquer les moules et les outillages. Q6. Quelle est votre politique d&#039;\u00e9chantillonnage\u00a0?<br \/>\nA: Nous pouvons fournir un \u00e9chantillon si nous avons des pi\u00e8ces en stock, mais les clients doivent payer le co\u00fbt de l&#039;\u00e9chantillon et<br \/>\nQ7. Testez-vous tous vos produits avant la livraison\u00a0?<br \/>\nR : Oui, nous effectuons le test 100% avant la livraison. Q8 : Comment assurez-vous la p\u00e9rennit\u00e9 de notre relation commerciale ?<br \/>\nA:1. Nous maintenons une bonne qualit\u00e9 et des prix comp\u00e9titifs pour garantir le b\u00e9n\u00e9fice de nos clients ;<br \/>\n2. Nous respectons chaque client comme un ami et nous faisons des affaires et nouons des amiti\u00e9s sinc\u00e8res avec eux.,<br \/>\npeu importe d&#039;o\u00f9 ils viennent.<\/div>\n<\/div>","protected":false},"excerpt":{"rendered":"<div class=\"inter-jQQQ8P\">\n<div class=\"container-PrUkKo\">\n<div class=\"item-hGGxLi\">\n<div class=\"container-arOxqB chrome70-container\">\n<div class=\"inner-FyM8gE inner-item-swzCut\" data-target-id=\"message-box-target-id\" data-testid=\"union_message\">\n<div class=\"message-block-container-aFugD6\" data-testid=\"message-block-container\">\n<div class=\"flex flex-row w-full w-full max-w-full s-font-base text-s-color-text-secondary p-0 rounded-s-radius-s bg-transparent group data-[attr=select-mode]:-mt-10 data-[attr=select-mode]:py-10 data-[attr=select-mode]:px-16 data-[attr=select-mode]:sm:p-10 data-[attr=select-mode]:hover:bg-s-color-bg-base data-[attr=select-mode]:hover:rounded-s-radius-xs data-[attr=select-mode]:has-[:checked]:bg-s-color-bg-trans data-[attr=select-mode]:has-[:checked]:rounded-s-radius-xs data-[attr=select-mode]:pointer-events-none\" data-testid=\"receive_message\">\n<div class=\"flex flex-col flex-grow max-w-full min-w-0\">\n<div class=\"flex flex-row w-full\" data-testid=\"message_content\" data-message-id=\"16423758334223618\">\n<div class=\"w-full\" data-plugin-identifier=\"Symbol(infra:receive-message-box:text)\">\n<div class=\"container-ZYIsnH flow-markdown-body theme-samantha-Nbr9UN\" dir=\"ltr\" data-testid=\"message_text_content\" data-show-indicator=\"false\">\n<ol class=\"auto-hide-last-sibling-br\">\n<li>Approvisionnement en gros disponible : stock stable pour r\u00e9pondre aux demandes de commandes importantes.<\/li>\n<li>Prix de gros comp\u00e9titifs\u00a0: marges avantageuses pour les revendeurs.<\/li>\n<li>Des mod\u00e8les vari\u00e9s : un large \u00e9ventail d&#039;options pour r\u00e9pondre aux besoins vari\u00e9s du march\u00e9.<\/li>\n<li>Logistique efficace : Livraison simplifi\u00e9e pour les envois en vrac.<\/li>\n<li>Assistance aux revendeurs\u00a0: Mat\u00e9riel marketing et assistance apr\u00e8s-vente disponibles.<\/li>\n<\/ol>\n<\/div>\n<\/div>\n<\/div>\n<\/div>\n<\/div>\n<\/div>\n<\/div>\n<\/div>\n<\/div>\n<\/div>\n<\/div>","protected":false},"featured_media":3243,"comment_status":"open","ping_status":"closed","template":"","meta":{"_uag_custom_page_level_css":"","site-sidebar-layout":"default","site-content-layout":"","ast-site-content-layout":"default","site-content-style":"default","site-sidebar-style":"default","ast-global-header-display":"","ast-banner-title-visibility":"","ast-main-header-display":"","ast-hfb-above-header-display":"","ast-hfb-below-header-display":"","ast-hfb-mobile-header-display":"","site-post-title":"","ast-breadcrumbs-content":"","ast-featured-img":"","footer-sml-layout":"","theme-transparent-header-meta":"default","adv-header-id-meta":"","stick-header-meta":"","header-above-stick-meta":"","header-main-stick-meta":"","header-below-stick-meta":"","astra-migrate-meta-layouts":"set","ast-page-background-enabled":"default","ast-page-background-meta":{"desktop":{"background-color":"","background-image":"","background-repeat":"repeat","background-position":"center center","background-size":"auto","background-attachment":"scroll","background-type":"","background-media":"","overlay-type":"","overlay-color":"","overlay-opacity":"","overlay-gradient":""},"tablet":{"background-color":"","background-image":"","background-repeat":"repeat","background-position":"center center","background-size":"auto","background-attachment":"scroll","background-type":"","background-media":"","overlay-type":"","overlay-color":"","overlay-opacity":"","overlay-gradient":""},"mobile":{"background-color":"","background-image":"","background-repeat":"repeat","background-position":"center center","background-size":"auto","background-attachment":"scroll","background-type":"","background-media":"","overlay-type":"","overlay-color":"","overlay-opacity":"","overlay-gradient":""}},"ast-content-background-meta":{"desktop":{"background-color":"var(--ast-global-color-5)","background-image":"","background-repeat":"repeat","background-position":"center center","background-size":"auto","background-attachment":"scroll","background-type":"","background-media":"","overlay-type":"","overlay-color":"","overlay-opacity":"","overlay-gradient":""},"tablet":{"background-color":"var(--ast-global-color-5)","background-image":"","background-repeat":"repeat","background-position":"center center","background-size":"auto","background-attachment":"scroll","background-type":"","background-media":"","overlay-type":"","overlay-color":"","overlay-opacity":"","overlay-gradient":""},"mobile":{"background-color":"var(--ast-global-color-5)","background-image":"","background-repeat":"repeat","background-position":"center center","background-size":"auto","background-attachment":"scroll","background-type":"","background-media":"","overlay-type":"","overlay-color":"","overlay-opacity":"","overlay-gradient":""}}},"product_brand":[],"product_cat":[64,54],"product_tag":[65,66],"class_list":{"0":"post-3237","1":"product","2":"type-product","3":"status-publish","4":"has-post-thumbnail","6":"product_cat-e-scooter","7":"product_cat-electric-motorcycles","8":"product_tag-e-scooter","9":"product_tag-electric-motocycles","10":"desktop-align-left","11":"tablet-align-left","12":"mobile-align-left","14":"first","15":"instock","16":"featured","17":"shipping-taxable","18":"product-type-simple"},"yoast_head":"<!-- This site is optimized with the Yoast SEO plugin v25.8 - https:\/\/yoast.com\/wordpress\/plugins\/seo\/ -->\n<title>3kw Ckd Cargo Box Electric Motorcycle 2 Wheel Food Delivery Bike - Kaisai Electric Motorcycle<\/title>\n<meta name=\"description\" content=\"3kw Ckd Cargo Box Electric Motorcycle 2 Wheel Food Delivery Bike - Kaisai Electric Motorcycle\" \/>\n<meta name=\"robots\" content=\"index, follow, max-snippet:-1, max-image-preview:large, max-video-preview:-1\" \/>\n<link rel=\"canonical\" href=\"https:\/\/kaisaimoto.com\/fr\/produit\/3kw-ckd-cargo-box-electric-motorcycle\/\" \/>\n<meta property=\"og:locale\" content=\"fr_FR\" \/>\n<meta property=\"og:type\" content=\"article\" \/>\n<meta property=\"og:title\" content=\"3kw Ckd Cargo Box Electric Motorcycle 2 Wheel Food Delivery Bike - Kaisai Electric Motorcycle\" \/>\n<meta property=\"og:description\" content=\"3kw Ckd Cargo Box Electric Motorcycle 2 Wheel Food Delivery Bike - Kaisai Electric Motorcycle\" \/>\n<meta property=\"og:url\" content=\"https:\/\/kaisaimoto.com\/fr\/produit\/3kw-ckd-cargo-box-electric-motorcycle\/\" \/>\n<meta property=\"og:site_name\" content=\"Kaisai Electric Motorcycle\" \/>\n<meta property=\"article:modified_time\" content=\"2025-09-24T10:20:07+00:00\" \/>\n<meta property=\"og:image\" content=\"https:\/\/kaisaimoto.com\/wp-content\/uploads\/2025\/08\/Hdd5321fba36648f59fb32932ddb4c8fb7.webp\" \/>\n\t<meta property=\"og:image:width\" content=\"640\" \/>\n\t<meta property=\"og:image:height\" content=\"640\" \/>\n\t<meta property=\"og:image:type\" content=\"image\/webp\" \/>\n<meta name=\"twitter:card\" content=\"summary_large_image\" \/>\n<meta name=\"twitter:label1\" content=\"Dur\u00e9e de lecture estim\u00e9e\" \/>\n\t<meta name=\"twitter:data1\" content=\"4 minutes\" \/>\n<script type=\"application\/ld+json\" class=\"yoast-schema-graph\">{\"@context\":\"https:\/\/schema.org\",\"@graph\":[{\"@type\":\"WebPage\",\"@id\":\"https:\/\/kaisaimoto.com\/product\/3kw-ckd-cargo-box-electric-motorcycle\/\",\"url\":\"https:\/\/kaisaimoto.com\/product\/3kw-ckd-cargo-box-electric-motorcycle\/\",\"name\":\"3kw Ckd Cargo Box Electric Motorcycle 2 Wheel Food Delivery Bike - Kaisai Electric Motorcycle\",\"isPartOf\":{\"@id\":\"https:\/\/kaisaimoto.com\/#website\"},\"primaryImageOfPage\":{\"@id\":\"https:\/\/kaisaimoto.com\/product\/3kw-ckd-cargo-box-electric-motorcycle\/#primaryimage\"},\"image\":{\"@id\":\"https:\/\/kaisaimoto.com\/product\/3kw-ckd-cargo-box-electric-motorcycle\/#primaryimage\"},\"thumbnailUrl\":\"https:\/\/kaisaimoto.com\/wp-content\/uploads\/2025\/08\/Hdd5321fba36648f59fb32932ddb4c8fb7.webp\",\"datePublished\":\"2025-08-16T05:22:31+00:00\",\"dateModified\":\"2025-09-24T10:20:07+00:00\",\"description\":\"3kw Ckd Cargo Box Electric Motorcycle 2 Wheel Food Delivery Bike - Kaisai Electric Motorcycle\",\"breadcrumb\":{\"@id\":\"https:\/\/kaisaimoto.com\/product\/3kw-ckd-cargo-box-electric-motorcycle\/#breadcrumb\"},\"inLanguage\":\"fr-FR\",\"potentialAction\":[{\"@type\":\"ReadAction\",\"target\":[\"https:\/\/kaisaimoto.com\/product\/3kw-ckd-cargo-box-electric-motorcycle\/\"]}]},{\"@type\":\"ImageObject\",\"inLanguage\":\"fr-FR\",\"@id\":\"https:\/\/kaisaimoto.com\/product\/3kw-ckd-cargo-box-electric-motorcycle\/#primaryimage\",\"url\":\"https:\/\/kaisaimoto.com\/wp-content\/uploads\/2025\/08\/Hdd5321fba36648f59fb32932ddb4c8fb7.webp\",\"contentUrl\":\"https:\/\/kaisaimoto.com\/wp-content\/uploads\/2025\/08\/Hdd5321fba36648f59fb32932ddb4c8fb7.webp\",\"width\":640,\"height\":640,\"caption\":\"3kw Ckd Cargo Box Electric Motorcycle\"},{\"@type\":\"BreadcrumbList\",\"@id\":\"https:\/\/kaisaimoto.com\/product\/3kw-ckd-cargo-box-electric-motorcycle\/#breadcrumb\",\"itemListElement\":[{\"@type\":\"ListItem\",\"position\":1,\"name\":\"\u9996\u9875\",\"item\":\"https:\/\/kaisaimoto.com\/\"},{\"@type\":\"ListItem\",\"position\":2,\"name\":\"Store\",\"item\":\"https:\/\/kaisaimoto.com\/store\/\"},{\"@type\":\"ListItem\",\"position\":3,\"name\":\"3kw Ckd Cargo Box Electric Motorcycle 2 Wheel Food Delivery Bike\"}]},{\"@type\":\"WebSite\",\"@id\":\"https:\/\/kaisaimoto.com\/#website\",\"url\":\"https:\/\/kaisaimoto.com\/\",\"name\":\"China's Leading Electric Motorcycle & E-Bike Supplier\",\"description\":\"Reliable Source Manufacturer of Affordable Electric Motorcycle\",\"publisher\":{\"@id\":\"https:\/\/kaisaimoto.com\/#organization\"},\"potentialAction\":[{\"@type\":\"SearchAction\",\"target\":{\"@type\":\"EntryPoint\",\"urlTemplate\":\"https:\/\/kaisaimoto.com\/?s={search_term_string}\"},\"query-input\":{\"@type\":\"PropertyValueSpecification\",\"valueRequired\":true,\"valueName\":\"search_term_string\"}}],\"inLanguage\":\"fr-FR\"},{\"@type\":\"Organization\",\"@id\":\"https:\/\/kaisaimoto.com\/#organization\",\"name\":\"China's Leading Electric Motorcycle & E-Bike Supplier\",\"url\":\"https:\/\/kaisaimoto.com\/\",\"logo\":{\"@type\":\"ImageObject\",\"inLanguage\":\"fr-FR\",\"@id\":\"https:\/\/kaisaimoto.com\/#\/schema\/logo\/image\/\",\"url\":\"https:\/\/kaisaimoto.com\/wp-content\/uploads\/2025\/08\/cropped-cropped-a3a04e143a1a2cc4a3a5c2da85f015c4-scaled-1.png\",\"contentUrl\":\"https:\/\/kaisaimoto.com\/wp-content\/uploads\/2025\/08\/cropped-cropped-a3a04e143a1a2cc4a3a5c2da85f015c4-scaled-1.png\",\"width\":1247,\"height\":903,\"caption\":\"China's Leading Electric Motorcycle & E-Bike Supplier\"},\"image\":{\"@id\":\"https:\/\/kaisaimoto.com\/#\/schema\/logo\/image\/\"}}]}<\/script>\n<!-- \/ Yoast SEO plugin. -->","yoast_head_json":{"title":"Moto \u00e9lectrique Kaisai avec caisse cargo de 3 kW, id\u00e9ale pour la livraison de repas \u00e0 deux roues.","description":"Moto \u00e9lectrique Kaisai avec caisse cargo de 3 kW, id\u00e9ale pour la livraison de repas \u00e0 deux roues.","robots":{"index":"index","follow":"follow","max-snippet":"max-snippet:-1","max-image-preview":"max-image-preview:large","max-video-preview":"max-video-preview:-1"},"canonical":"https:\/\/kaisaimoto.com\/fr\/produit\/3kw-ckd-cargo-box-electric-motorcycle\/","og_locale":"fr_FR","og_type":"article","og_title":"3kw Ckd Cargo Box Electric Motorcycle 2 Wheel Food Delivery Bike - Kaisai Electric Motorcycle","og_description":"3kw Ckd Cargo Box Electric Motorcycle 2 Wheel Food Delivery Bike - Kaisai Electric Motorcycle","og_url":"https:\/\/kaisaimoto.com\/fr\/produit\/3kw-ckd-cargo-box-electric-motorcycle\/","og_site_name":"Kaisai Electric Motorcycle","article_modified_time":"2025-09-24T10:20:07+00:00","og_image":[{"width":640,"height":640,"url":"https:\/\/kaisaimoto.com\/wp-content\/uploads\/2025\/08\/Hdd5321fba36648f59fb32932ddb4c8fb7.webp","type":"image\/webp"}],"twitter_card":"summary_large_image","twitter_misc":{"Dur\u00e9e de lecture estim\u00e9e":"4 minutes"},"schema":{"@context":"https:\/\/schema.org","@graph":[{"@type":"WebPage","@id":"https:\/\/kaisaimoto.com\/product\/3kw-ckd-cargo-box-electric-motorcycle\/","url":"https:\/\/kaisaimoto.com\/product\/3kw-ckd-cargo-box-electric-motorcycle\/","name":"Moto \u00e9lectrique Kaisai avec caisse cargo de 3 kW, id\u00e9ale pour la livraison de repas \u00e0 deux roues.","isPartOf":{"@id":"https:\/\/kaisaimoto.com\/#website"},"primaryImageOfPage":{"@id":"https:\/\/kaisaimoto.com\/product\/3kw-ckd-cargo-box-electric-motorcycle\/#primaryimage"},"image":{"@id":"https:\/\/kaisaimoto.com\/product\/3kw-ckd-cargo-box-electric-motorcycle\/#primaryimage"},"thumbnailUrl":"https:\/\/kaisaimoto.com\/wp-content\/uploads\/2025\/08\/Hdd5321fba36648f59fb32932ddb4c8fb7.webp","datePublished":"2025-08-16T05:22:31+00:00","dateModified":"2025-09-24T10:20:07+00:00","description":"Moto \u00e9lectrique Kaisai avec caisse cargo de 3 kW, id\u00e9ale pour la livraison de repas \u00e0 deux roues.","breadcrumb":{"@id":"https:\/\/kaisaimoto.com\/product\/3kw-ckd-cargo-box-electric-motorcycle\/#breadcrumb"},"inLanguage":"fr-FR","potentialAction":[{"@type":"ReadAction","target":["https:\/\/kaisaimoto.com\/product\/3kw-ckd-cargo-box-electric-motorcycle\/"]}]},{"@type":"ImageObject","inLanguage":"fr-FR","@id":"https:\/\/kaisaimoto.com\/product\/3kw-ckd-cargo-box-electric-motorcycle\/#primaryimage","url":"https:\/\/kaisaimoto.com\/wp-content\/uploads\/2025\/08\/Hdd5321fba36648f59fb32932ddb4c8fb7.webp","contentUrl":"https:\/\/kaisaimoto.com\/wp-content\/uploads\/2025\/08\/Hdd5321fba36648f59fb32932ddb4c8fb7.webp","width":640,"height":640,"caption":"3kw Ckd Cargo Box Electric Motorcycle"},{"@type":"BreadcrumbList","@id":"https:\/\/kaisaimoto.com\/product\/3kw-ckd-cargo-box-electric-motorcycle\/#breadcrumb","itemListElement":[{"@type":"ListItem","position":1,"name":"\u9996\u9875","item":"https:\/\/kaisaimoto.com\/"},{"@type":"ListItem","position":2,"name":"Store","item":"https:\/\/kaisaimoto.com\/store\/"},{"@type":"ListItem","position":3,"name":"3kw Ckd Cargo Box Electric Motorcycle 2 Wheel Food Delivery Bike"}]},{"@type":"WebSite","@id":"https:\/\/kaisaimoto.com\/#website","url":"https:\/\/kaisaimoto.com\/","name":"Le principal fournisseur chinois de motos \u00e9lectriques et de v\u00e9los \u00e9lectriques","description":"Fabricant fiable de motos \u00e9lectriques abordables","publisher":{"@id":"https:\/\/kaisaimoto.com\/#organization"},"potentialAction":[{"@type":"SearchAction","target":{"@type":"EntryPoint","urlTemplate":"https:\/\/kaisaimoto.com\/?s={search_term_string}"},"query-input":{"@type":"PropertyValueSpecification","valueRequired":true,"valueName":"search_term_string"}}],"inLanguage":"fr-FR"},{"@type":"Organization","@id":"https:\/\/kaisaimoto.com\/#organization","name":"Le principal fournisseur chinois de motos \u00e9lectriques et de v\u00e9los \u00e9lectriques","url":"https:\/\/kaisaimoto.com\/","logo":{"@type":"ImageObject","inLanguage":"fr-FR","@id":"https:\/\/kaisaimoto.com\/#\/schema\/logo\/image\/","url":"https:\/\/kaisaimoto.com\/wp-content\/uploads\/2025\/08\/cropped-cropped-a3a04e143a1a2cc4a3a5c2da85f015c4-scaled-1.png","contentUrl":"https:\/\/kaisaimoto.com\/wp-content\/uploads\/2025\/08\/cropped-cropped-a3a04e143a1a2cc4a3a5c2da85f015c4-scaled-1.png","width":1247,"height":903,"caption":"China's Leading Electric Motorcycle & E-Bike Supplier"},"image":{"@id":"https:\/\/kaisaimoto.com\/#\/schema\/logo\/image\/"}}]}},"uagb_featured_image_src":{"full":["https:\/\/kaisaimoto.com\/wp-content\/uploads\/2025\/08\/Hdd5321fba36648f59fb32932ddb4c8fb7.webp",640,640,false],"thumbnail":["https:\/\/kaisaimoto.com\/wp-content\/uploads\/2025\/08\/Hdd5321fba36648f59fb32932ddb4c8fb7-150x150.webp",150,150,true],"medium":["https:\/\/kaisaimoto.com\/wp-content\/uploads\/2025\/08\/Hdd5321fba36648f59fb32932ddb4c8fb7-300x300.webp",300,300,true],"medium_large":["https:\/\/kaisaimoto.com\/wp-content\/uploads\/2025\/08\/Hdd5321fba36648f59fb32932ddb4c8fb7.webp",640,640,false],"large":["https:\/\/kaisaimoto.com\/wp-content\/uploads\/2025\/08\/Hdd5321fba36648f59fb32932ddb4c8fb7.webp",640,640,false],"1536x1536":["https:\/\/kaisaimoto.com\/wp-content\/uploads\/2025\/08\/Hdd5321fba36648f59fb32932ddb4c8fb7.webp",640,640,false],"2048x2048":["https:\/\/kaisaimoto.com\/wp-content\/uploads\/2025\/08\/Hdd5321fba36648f59fb32932ddb4c8fb7.webp",640,640,false],"trp-custom-language-flag":["https:\/\/kaisaimoto.com\/wp-content\/uploads\/2025\/08\/Hdd5321fba36648f59fb32932ddb4c8fb7.webp",12,12,false],"woocommerce_thumbnail":["https:\/\/kaisaimoto.com\/wp-content\/uploads\/2025\/08\/Hdd5321fba36648f59fb32932ddb4c8fb7-300x300.webp",300,300,true],"woocommerce_single":["https:\/\/kaisaimoto.com\/wp-content\/uploads\/2025\/08\/Hdd5321fba36648f59fb32932ddb4c8fb7-600x600.webp",600,600,true],"woocommerce_gallery_thumbnail":["https:\/\/kaisaimoto.com\/wp-content\/uploads\/2025\/08\/Hdd5321fba36648f59fb32932ddb4c8fb7-100x100.webp",100,100,true]},"uagb_author_info":{"display_name":"cxgginsz@gmail.com","author_link":"https:\/\/kaisaimoto.com\/fr\/author\/"},"uagb_comment_info":0,"uagb_excerpt":"Bulk supply available: Stable inventory to meet large-order demands. Competitive wholesale pricing: Favorable margins for resellers. Diverse models: Wide range of options to cater to varied market needs. Efficient logistics: Streamlined delivery for bulk shipments. Support for resellers: Marketing materials and after-sales assistance available.","_links":{"self":[{"href":"https:\/\/kaisaimoto.com\/fr\/wp-json\/wp\/v2\/product\/3237","targetHints":{"allow":["GET"]}}],"collection":[{"href":"https:\/\/kaisaimoto.com\/fr\/wp-json\/wp\/v2\/product"}],"about":[{"href":"https:\/\/kaisaimoto.com\/fr\/wp-json\/wp\/v2\/types\/product"}],"replies":[{"embeddable":true,"href":"https:\/\/kaisaimoto.com\/fr\/wp-json\/wp\/v2\/comments?post=3237"}],"wp:featuredmedia":[{"embeddable":true,"href":"https:\/\/kaisaimoto.com\/fr\/wp-json\/wp\/v2\/media\/3243"}],"wp:attachment":[{"href":"https:\/\/kaisaimoto.com\/fr\/wp-json\/wp\/v2\/media?parent=3237"}],"wp:term":[{"taxonomy":"product_brand","embeddable":true,"href":"https:\/\/kaisaimoto.com\/fr\/wp-json\/wp\/v2\/product_brand?post=3237"},{"taxonomy":"product_cat","embeddable":true,"href":"https:\/\/kaisaimoto.com\/fr\/wp-json\/wp\/v2\/product_cat?post=3237"},{"taxonomy":"product_tag","embeddable":true,"href":"https:\/\/kaisaimoto.com\/fr\/wp-json\/wp\/v2\/product_tag?post=3237"}],"curies":[{"name":"wp","href":"https:\/\/api.w.org\/{rel}","templated":true}]}}