{"id":3229,"date":"2025-08-16T05:05:47","date_gmt":"2025-08-16T05:05:47","guid":{"rendered":"https:\/\/kaisaimoto.com\/?post_type=product&#038;p=3229"},"modified":"2025-10-01T09:24:12","modified_gmt":"2025-10-01T09:24:12","slug":"electric-ckd-electric-scooter","status":"publish","type":"product","link":"https:\/\/kaisaimoto.com\/fr\/produit\/electric-ckd-electric-scooter\/","title":{"rendered":"Vente directe d&#039;usine : scooter \u00e9lectrique CKD \u00e0 deux roues et moto"},"content":{"rendered":"<h2 style=\"text-align: left;\" title=\"Vente directe d&#039;usine : cyclomoteur \u00e9lectrique 2000 W Scooty Ckd, scooter \u00e9lectrique puissant pour adulte, v\u00e9lo cargo \u00e0 2 roues, moto \u00e0 kick pour homme\" data-spm-anchor-id=\"a2700.details.0.i106.445e549eF7SrZ8\"><strong>Vente directe d&#039;usine : cyclomoteur \u00e9lectrique 2000 W Scooty Ckd, scooter \u00e9lectrique puissant pour adulte, v\u00e9lo cargo \u00e0 2 roues, moto \u00e0 kick pour homme<\/strong><\/h2>\n<p style=\"text-align: left;\"><span class=\"magic-28\">Emballage carton, emballage bo\u00eete couleur, emballage personnalis\u00e9. <\/span><\/p>\n<p style=\"text-align: left;\"><span class=\"magic-28\">La quantit\u00e9 de tous les produits en stock est g\u00e9r\u00e9e en fonction de l&#039;ordre de production r\u00e9el et de la situation des ventes.<\/span><\/p>\n<div style=\"text-align: left;\"><span class=\"magic-28\"> 1. Les frais d&#039;exp\u00e9dition indiqu\u00e9s par le syst\u00e8me peuvent \u00eatre incorrects. Veuillez nous contacter pour toute modification comptable. <\/span><\/div>\n<div style=\"text-align: left;\"><span class=\"magic-28\" data-spm-anchor-id=\"a2700.details-description.0.i2.658fnowlnowl0r\"> 2. Nous pouvons r\u00e9aliser tout type d&#039;emballage selon vos exigences. <\/span><\/div>\n<div style=\"text-align: left;\"><span class=\"magic-28\"> 3. Faites-moi part de votre id\u00e9e.<\/span><\/div>\n<p style=\"text-align: left;\"><span class=\"magic-28\">Emballage carton, emballage bo\u00eete couleur, emballage personnalis\u00e9. <\/span><\/p>\n<p style=\"text-align: left;\"><span class=\"magic-28\">La quantit\u00e9 de tous les produits en stock est g\u00e9r\u00e9e en fonction de l&#039;ordre de production r\u00e9el et de la situation des ventes.<\/span><\/p>\n<div style=\"text-align: left;\"><span class=\"magic-28\"> 1. Les frais d&#039;exp\u00e9dition indiqu\u00e9s par le syst\u00e8me peuvent \u00eatre incorrects. Veuillez nous contacter pour toute modification comptable. <\/span><\/div>\n<div style=\"text-align: left;\"><span class=\"magic-28\" data-spm-anchor-id=\"a2700.details-description.0.i2.658fnowlnowl0r\"> 2. Nous pouvons r\u00e9aliser tout type d&#039;emballage selon vos exigences. <\/span><\/div>\n<div style=\"text-align: left;\"><span class=\"magic-28\"> 3. Faites-moi part de votre id\u00e9e.<\/span><\/div>\n<div><img loading=\"lazy\" decoding=\"async\" class=\"wp-image-3233 alignleft\" src=\"https:\/\/kaisaimoto.com\/wp-content\/uploads\/2025\/08\/H143573ff36f142f7898cbb6b5ec1bb0aQ-300x169.webp\" alt=\"\" width=\"651\" height=\"367\" srcset=\"https:\/\/kaisaimoto.com\/wp-content\/uploads\/2025\/08\/H143573ff36f142f7898cbb6b5ec1bb0aQ-300x169.webp 300w, https:\/\/kaisaimoto.com\/wp-content\/uploads\/2025\/08\/H143573ff36f142f7898cbb6b5ec1bb0aQ-1024x577.webp 1024w, https:\/\/kaisaimoto.com\/wp-content\/uploads\/2025\/08\/H143573ff36f142f7898cbb6b5ec1bb0aQ-768x432.webp 768w, https:\/\/kaisaimoto.com\/wp-content\/uploads\/2025\/08\/H143573ff36f142f7898cbb6b5ec1bb0aQ-1536x865.webp 1536w, https:\/\/kaisaimoto.com\/wp-content\/uploads\/2025\/08\/H143573ff36f142f7898cbb6b5ec1bb0aQ-600x338.webp 600w, https:\/\/kaisaimoto.com\/wp-content\/uploads\/2025\/08\/H143573ff36f142f7898cbb6b5ec1bb0aQ.webp 1918w\" sizes=\"auto, (max-width: 651px) 100vw, 651px\" \/><\/div>\n<div><\/div>\n<div><\/div>\n<div><img loading=\"lazy\" decoding=\"async\" class=\"wp-image-3232 alignleft\" src=\"https:\/\/kaisaimoto.com\/wp-content\/uploads\/2025\/08\/H67256a0b62a144459c7704e2edeaa631x-300x169.webp\" alt=\"\" width=\"648\" height=\"365\" srcset=\"https:\/\/kaisaimoto.com\/wp-content\/uploads\/2025\/08\/H67256a0b62a144459c7704e2edeaa631x-300x169.webp 300w, https:\/\/kaisaimoto.com\/wp-content\/uploads\/2025\/08\/H67256a0b62a144459c7704e2edeaa631x-1024x577.webp 1024w, https:\/\/kaisaimoto.com\/wp-content\/uploads\/2025\/08\/H67256a0b62a144459c7704e2edeaa631x-768x432.webp 768w, https:\/\/kaisaimoto.com\/wp-content\/uploads\/2025\/08\/H67256a0b62a144459c7704e2edeaa631x-1536x865.webp 1536w, https:\/\/kaisaimoto.com\/wp-content\/uploads\/2025\/08\/H67256a0b62a144459c7704e2edeaa631x-600x338.webp 600w, https:\/\/kaisaimoto.com\/wp-content\/uploads\/2025\/08\/H67256a0b62a144459c7704e2edeaa631x.webp 1918w\" sizes=\"auto, (max-width: 648px) 100vw, 648px\" \/><\/div>\n<div><\/div>\n<div><img loading=\"lazy\" decoding=\"async\" class=\"wp-image-3231 alignleft\" src=\"https:\/\/kaisaimoto.com\/wp-content\/uploads\/2025\/08\/H94b8d09cf0d94283aefb38e40619c5d1c-300x169.webp\" alt=\"\" width=\"662\" height=\"373\" srcset=\"https:\/\/kaisaimoto.com\/wp-content\/uploads\/2025\/08\/H94b8d09cf0d94283aefb38e40619c5d1c-300x169.webp 300w, https:\/\/kaisaimoto.com\/wp-content\/uploads\/2025\/08\/H94b8d09cf0d94283aefb38e40619c5d1c-768x432.webp 768w, https:\/\/kaisaimoto.com\/wp-content\/uploads\/2025\/08\/H94b8d09cf0d94283aefb38e40619c5d1c-600x338.webp 600w, https:\/\/kaisaimoto.com\/wp-content\/uploads\/2025\/08\/H94b8d09cf0d94283aefb38e40619c5d1c.webp 800w\" sizes=\"auto, (max-width: 662px) 100vw, 662px\" \/><\/div>\n<div><\/div>\n<div><img loading=\"lazy\" decoding=\"async\" class=\"wp-image-3230 alignleft\" src=\"https:\/\/kaisaimoto.com\/wp-content\/uploads\/2025\/08\/H28bb3980080045b491fe5550ffc89209h-300x169.webp\" alt=\"\" width=\"669\" height=\"377\" srcset=\"https:\/\/kaisaimoto.com\/wp-content\/uploads\/2025\/08\/H28bb3980080045b491fe5550ffc89209h-300x169.webp 300w, https:\/\/kaisaimoto.com\/wp-content\/uploads\/2025\/08\/H28bb3980080045b491fe5550ffc89209h-1024x577.webp 1024w, https:\/\/kaisaimoto.com\/wp-content\/uploads\/2025\/08\/H28bb3980080045b491fe5550ffc89209h-768x432.webp 768w, https:\/\/kaisaimoto.com\/wp-content\/uploads\/2025\/08\/H28bb3980080045b491fe5550ffc89209h-1536x865.webp 1536w, https:\/\/kaisaimoto.com\/wp-content\/uploads\/2025\/08\/H28bb3980080045b491fe5550ffc89209h-600x338.webp 600w, https:\/\/kaisaimoto.com\/wp-content\/uploads\/2025\/08\/H28bb3980080045b491fe5550ffc89209h.webp 1918w\" sizes=\"auto, (max-width: 669px) 100vw, 669px\" \/><\/div>\n<div>\n<h3>FAQ<\/h3>\n<div>Q1. Quelles sont vos conditions d&#039;emballage ?<br \/>\nA : G\u00e9n\u00e9ralement, nous emballons nos produits dans des bo\u00eetes blanches neutres et des cartons bruns. Si vous poss\u00e9dez un brevet l\u00e9galement enregistr\u00e9,<br \/>\nNous pouvons emballer les marchandises dans vos bo\u00eetes de marque apr\u00e8s r\u00e9ception de vos lettres d&#039;autorisation. Q2. Quelles sont vos conditions de paiement ?<br \/>\nA: Paiement par virement bancaire (T\/T)\u00a0: 30% comme acompte et 70% avant la livraison. Nous vous enverrons des photos des produits et des emballages.<br \/>\navant de r\u00e9gler le solde. Q3. Quelles sont vos conditions de livraison\u00a0?<br \/>\nA: EXW, FOB, CFR, CIF, DDU. Q4. Quel est votre d\u00e9lai de livraison\u00a0?<br \/>\nR : G\u00e9n\u00e9ralement, il faut compter entre 30 et 60 jours apr\u00e8s r\u00e9ception de votre acompte. Le d\u00e9lai de livraison pr\u00e9cis d\u00e9pend de plusieurs facteurs.<br \/>\nconcernant les articles et la quantit\u00e9 de votre commande. Q5. Pouvez-vous produire selon les \u00e9chantillons\u00a0?<br \/>\nR : Oui, nous pouvons produire \u00e0 partir de vos \u00e9chantillons ou de vos dessins techniques. Nous pouvons fabriquer les moules et les outillages. Q6. Quelle est votre politique d&#039;\u00e9chantillonnage\u00a0?<br \/>\nA: Nous pouvons fournir un \u00e9chantillon si nous avons des pi\u00e8ces en stock, mais les clients doivent payer le co\u00fbt de l&#039;\u00e9chantillon et<br \/>\nQ7. Testez-vous tous vos produits avant la livraison\u00a0?<br \/>\nR : Oui, nous effectuons le test 100% avant la livraison. Q8 : Comment assurez-vous la p\u00e9rennit\u00e9 de notre relation commerciale ?<br \/>\nA:1. Nous maintenons une bonne qualit\u00e9 et des prix comp\u00e9titifs pour garantir le b\u00e9n\u00e9fice de nos clients ;<br \/>\n2. Nous respectons chaque client comme un ami et nous faisons des affaires et nouons des amiti\u00e9s sinc\u00e8res avec eux.,<br \/>\npeu importe d&#039;o\u00f9 ils viennent.<\/div>\n<\/div>","protected":false},"excerpt":{"rendered":"<ol class=\"auto-hide-last-sibling-br\">\n<li>Approvisionnement en gros disponible : stock stable pour r\u00e9pondre aux demandes de commandes importantes.<\/li>\n<li>Prix de gros comp\u00e9titifs\u00a0: marges avantageuses pour les revendeurs.<\/li>\n<li>Des mod\u00e8les vari\u00e9s : un large \u00e9ventail d&#039;options pour r\u00e9pondre aux besoins vari\u00e9s du march\u00e9.<\/li>\n<li>Logistique efficace : Livraison simplifi\u00e9e pour les envois en vrac.<\/li>\n<li>Assistance aux revendeurs\u00a0: Mat\u00e9riel marketing et assistance apr\u00e8s-vente disponibles<\/li>\n<\/ol>","protected":false},"featured_media":3234,"comment_status":"open","ping_status":"closed","template":"","meta":{"_uag_custom_page_level_css":"","site-sidebar-layout":"default","site-content-layout":"","ast-site-content-layout":"default","site-content-style":"default","site-sidebar-style":"default","ast-global-header-display":"","ast-banner-title-visibility":"","ast-main-header-display":"","ast-hfb-above-header-display":"","ast-hfb-below-header-display":"","ast-hfb-mobile-header-display":"","site-post-title":"","ast-breadcrumbs-content":"","ast-featured-img":"","footer-sml-layout":"","theme-transparent-header-meta":"default","adv-header-id-meta":"","stick-header-meta":"","header-above-stick-meta":"","header-main-stick-meta":"","header-below-stick-meta":"","astra-migrate-meta-layouts":"set","ast-page-background-enabled":"default","ast-page-background-meta":{"desktop":{"background-color":"","background-image":"","background-repeat":"repeat","background-position":"center center","background-size":"auto","background-attachment":"scroll","background-type":"","background-media":"","overlay-type":"","overlay-color":"","overlay-opacity":"","overlay-gradient":""},"tablet":{"background-color":"","background-image":"","background-repeat":"repeat","background-position":"center center","background-size":"auto","background-attachment":"scroll","background-type":"","background-media":"","overlay-type":"","overlay-color":"","overlay-opacity":"","overlay-gradient":""},"mobile":{"background-color":"","background-image":"","background-repeat":"repeat","background-position":"center center","background-size":"auto","background-attachment":"scroll","background-type":"","background-media":"","overlay-type":"","overlay-color":"","overlay-opacity":"","overlay-gradient":""}},"ast-content-background-meta":{"desktop":{"background-color":"var(--ast-global-color-5)","background-image":"","background-repeat":"repeat","background-position":"center center","background-size":"auto","background-attachment":"scroll","background-type":"","background-media":"","overlay-type":"","overlay-color":"","overlay-opacity":"","overlay-gradient":""},"tablet":{"background-color":"var(--ast-global-color-5)","background-image":"","background-repeat":"repeat","background-position":"center center","background-size":"auto","background-attachment":"scroll","background-type":"","background-media":"","overlay-type":"","overlay-color":"","overlay-opacity":"","overlay-gradient":""},"mobile":{"background-color":"var(--ast-global-color-5)","background-image":"","background-repeat":"repeat","background-position":"center center","background-size":"auto","background-attachment":"scroll","background-type":"","background-media":"","overlay-type":"","overlay-color":"","overlay-opacity":"","overlay-gradient":""}}},"product_brand":[],"product_cat":[15,107],"product_tag":[70,65,66,99],"class_list":{"0":"post-3229","1":"product","2":"type-product","3":"status-publish","4":"has-post-thumbnail","6":"product_cat-off-road-motorcycles","7":"product_cat-hot-selling-electric-motorcycles","8":"product_tag-e-bike","9":"product_tag-e-scooter","10":"product_tag-electric-motocycles","11":"product_tag-electrico-hybrid-bike","12":"desktop-align-left","13":"tablet-align-left","14":"mobile-align-left","16":"first","17":"instock","18":"featured","19":"shipping-taxable","20":"product-type-simple"},"yoast_head":"<!-- This site is optimized with the Yoast SEO plugin v25.8 - https:\/\/yoast.com\/wordpress\/plugins\/seo\/ -->\n<title>Factory Directly Sale Electric Ckd Electric Scooter 2 Wheel Kick Motorcycle - Kaisai Electric Motorcycle<\/title>\n<meta name=\"description\" content=\"Factory Directly Sale Electric Ckd Electric Scooter 2 Wheel Kick Motorcycle - Kaisai Electric Motorcycle\" \/>\n<meta name=\"robots\" content=\"index, follow, max-snippet:-1, max-image-preview:large, max-video-preview:-1\" \/>\n<link rel=\"canonical\" href=\"https:\/\/kaisaimoto.com\/fr\/produit\/electric-ckd-electric-scooter\/\" \/>\n<meta property=\"og:locale\" content=\"fr_FR\" \/>\n<meta property=\"og:type\" content=\"article\" \/>\n<meta property=\"og:title\" content=\"Factory Directly Sale Electric Ckd Electric Scooter 2 Wheel Kick Motorcycle - Kaisai Electric Motorcycle\" \/>\n<meta property=\"og:description\" content=\"Factory Directly Sale Electric Ckd Electric Scooter 2 Wheel Kick Motorcycle - Kaisai Electric Motorcycle\" \/>\n<meta property=\"og:url\" content=\"https:\/\/kaisaimoto.com\/fr\/produit\/electric-ckd-electric-scooter\/\" \/>\n<meta property=\"og:site_name\" content=\"Kaisai Electric Motorcycle\" \/>\n<meta property=\"article:modified_time\" content=\"2025-10-01T09:24:12+00:00\" \/>\n<meta property=\"og:image\" content=\"https:\/\/kaisaimoto.com\/wp-content\/uploads\/2025\/08\/Haf4d0c3989d4400faf896946cd4708adv.webp\" \/>\n\t<meta property=\"og:image:width\" content=\"650\" \/>\n\t<meta property=\"og:image:height\" content=\"650\" \/>\n\t<meta property=\"og:image:type\" content=\"image\/webp\" \/>\n<meta name=\"twitter:card\" content=\"summary_large_image\" \/>\n<meta name=\"twitter:label1\" content=\"Dur\u00e9e de lecture estim\u00e9e\" \/>\n\t<meta name=\"twitter:data1\" content=\"3 minutes\" \/>\n<script type=\"application\/ld+json\" class=\"yoast-schema-graph\">{\"@context\":\"https:\/\/schema.org\",\"@graph\":[{\"@type\":\"WebPage\",\"@id\":\"https:\/\/kaisaimoto.com\/product\/electric-ckd-electric-scooter\/\",\"url\":\"https:\/\/kaisaimoto.com\/product\/electric-ckd-electric-scooter\/\",\"name\":\"Factory Directly Sale Electric Ckd Electric Scooter 2 Wheel Kick Motorcycle - Kaisai Electric Motorcycle\",\"isPartOf\":{\"@id\":\"https:\/\/kaisaimoto.com\/#website\"},\"primaryImageOfPage\":{\"@id\":\"https:\/\/kaisaimoto.com\/product\/electric-ckd-electric-scooter\/#primaryimage\"},\"image\":{\"@id\":\"https:\/\/kaisaimoto.com\/product\/electric-ckd-electric-scooter\/#primaryimage\"},\"thumbnailUrl\":\"https:\/\/kaisaimoto.com\/wp-content\/uploads\/2025\/08\/Haf4d0c3989d4400faf896946cd4708adv.webp\",\"datePublished\":\"2025-08-16T05:05:47+00:00\",\"dateModified\":\"2025-10-01T09:24:12+00:00\",\"description\":\"Factory Directly Sale Electric Ckd Electric Scooter 2 Wheel Kick Motorcycle - Kaisai Electric Motorcycle\",\"breadcrumb\":{\"@id\":\"https:\/\/kaisaimoto.com\/product\/electric-ckd-electric-scooter\/#breadcrumb\"},\"inLanguage\":\"fr-FR\",\"potentialAction\":[{\"@type\":\"ReadAction\",\"target\":[\"https:\/\/kaisaimoto.com\/product\/electric-ckd-electric-scooter\/\"]}]},{\"@type\":\"ImageObject\",\"inLanguage\":\"fr-FR\",\"@id\":\"https:\/\/kaisaimoto.com\/product\/electric-ckd-electric-scooter\/#primaryimage\",\"url\":\"https:\/\/kaisaimoto.com\/wp-content\/uploads\/2025\/08\/Haf4d0c3989d4400faf896946cd4708adv.webp\",\"contentUrl\":\"https:\/\/kaisaimoto.com\/wp-content\/uploads\/2025\/08\/Haf4d0c3989d4400faf896946cd4708adv.webp\",\"width\":650,\"height\":650,\"caption\":\"Electric Ckd Electric Scooter\"},{\"@type\":\"BreadcrumbList\",\"@id\":\"https:\/\/kaisaimoto.com\/product\/electric-ckd-electric-scooter\/#breadcrumb\",\"itemListElement\":[{\"@type\":\"ListItem\",\"position\":1,\"name\":\"\u9996\u9875\",\"item\":\"https:\/\/kaisaimoto.com\/\"},{\"@type\":\"ListItem\",\"position\":2,\"name\":\"Store\",\"item\":\"https:\/\/kaisaimoto.com\/store\/\"},{\"@type\":\"ListItem\",\"position\":3,\"name\":\"Factory Directly Sale Electric Ckd Electric Scooter 2 Wheel Kick Motorcycle\"}]},{\"@type\":\"WebSite\",\"@id\":\"https:\/\/kaisaimoto.com\/#website\",\"url\":\"https:\/\/kaisaimoto.com\/\",\"name\":\"China's Leading Electric Motorcycle & E-Bike Supplier\",\"description\":\"Reliable Source Manufacturer of Affordable Electric Motorcycle\",\"publisher\":{\"@id\":\"https:\/\/kaisaimoto.com\/#organization\"},\"potentialAction\":[{\"@type\":\"SearchAction\",\"target\":{\"@type\":\"EntryPoint\",\"urlTemplate\":\"https:\/\/kaisaimoto.com\/?s={search_term_string}\"},\"query-input\":{\"@type\":\"PropertyValueSpecification\",\"valueRequired\":true,\"valueName\":\"search_term_string\"}}],\"inLanguage\":\"fr-FR\"},{\"@type\":\"Organization\",\"@id\":\"https:\/\/kaisaimoto.com\/#organization\",\"name\":\"China's Leading Electric Motorcycle & E-Bike Supplier\",\"url\":\"https:\/\/kaisaimoto.com\/\",\"logo\":{\"@type\":\"ImageObject\",\"inLanguage\":\"fr-FR\",\"@id\":\"https:\/\/kaisaimoto.com\/#\/schema\/logo\/image\/\",\"url\":\"https:\/\/kaisaimoto.com\/wp-content\/uploads\/2025\/08\/cropped-cropped-a3a04e143a1a2cc4a3a5c2da85f015c4-scaled-1.png\",\"contentUrl\":\"https:\/\/kaisaimoto.com\/wp-content\/uploads\/2025\/08\/cropped-cropped-a3a04e143a1a2cc4a3a5c2da85f015c4-scaled-1.png\",\"width\":1247,\"height\":903,\"caption\":\"China's Leading Electric Motorcycle & E-Bike Supplier\"},\"image\":{\"@id\":\"https:\/\/kaisaimoto.com\/#\/schema\/logo\/image\/\"}}]}<\/script>\n<!-- \/ Yoast SEO plugin. -->","yoast_head_json":{"title":"Vente directe d&#039;usine : scooter \u00e9lectrique CKD \u00e0 2 roues et moto \u00e0 d\u00e9marrage au pied - Moto \u00e9lectrique Kaisai","description":"Vente directe d&#039;usine : scooter \u00e9lectrique CKD \u00e0 2 roues et moto \u00e0 d\u00e9marrage au pied - Moto \u00e9lectrique Kaisai","robots":{"index":"index","follow":"follow","max-snippet":"max-snippet:-1","max-image-preview":"max-image-preview:large","max-video-preview":"max-video-preview:-1"},"canonical":"https:\/\/kaisaimoto.com\/fr\/produit\/electric-ckd-electric-scooter\/","og_locale":"fr_FR","og_type":"article","og_title":"Factory Directly Sale Electric Ckd Electric Scooter 2 Wheel Kick Motorcycle - Kaisai Electric Motorcycle","og_description":"Factory Directly Sale Electric Ckd Electric Scooter 2 Wheel Kick Motorcycle - Kaisai Electric Motorcycle","og_url":"https:\/\/kaisaimoto.com\/fr\/produit\/electric-ckd-electric-scooter\/","og_site_name":"Kaisai Electric Motorcycle","article_modified_time":"2025-10-01T09:24:12+00:00","og_image":[{"width":650,"height":650,"url":"https:\/\/kaisaimoto.com\/wp-content\/uploads\/2025\/08\/Haf4d0c3989d4400faf896946cd4708adv.webp","type":"image\/webp"}],"twitter_card":"summary_large_image","twitter_misc":{"Dur\u00e9e de lecture estim\u00e9e":"3 minutes"},"schema":{"@context":"https:\/\/schema.org","@graph":[{"@type":"WebPage","@id":"https:\/\/kaisaimoto.com\/product\/electric-ckd-electric-scooter\/","url":"https:\/\/kaisaimoto.com\/product\/electric-ckd-electric-scooter\/","name":"Vente directe d&#039;usine : scooter \u00e9lectrique CKD \u00e0 2 roues et moto \u00e0 d\u00e9marrage au pied - Moto \u00e9lectrique Kaisai","isPartOf":{"@id":"https:\/\/kaisaimoto.com\/#website"},"primaryImageOfPage":{"@id":"https:\/\/kaisaimoto.com\/product\/electric-ckd-electric-scooter\/#primaryimage"},"image":{"@id":"https:\/\/kaisaimoto.com\/product\/electric-ckd-electric-scooter\/#primaryimage"},"thumbnailUrl":"https:\/\/kaisaimoto.com\/wp-content\/uploads\/2025\/08\/Haf4d0c3989d4400faf896946cd4708adv.webp","datePublished":"2025-08-16T05:05:47+00:00","dateModified":"2025-10-01T09:24:12+00:00","description":"Vente directe d&#039;usine : scooter \u00e9lectrique CKD \u00e0 2 roues et moto \u00e0 d\u00e9marrage au pied - Moto \u00e9lectrique Kaisai","breadcrumb":{"@id":"https:\/\/kaisaimoto.com\/product\/electric-ckd-electric-scooter\/#breadcrumb"},"inLanguage":"fr-FR","potentialAction":[{"@type":"ReadAction","target":["https:\/\/kaisaimoto.com\/product\/electric-ckd-electric-scooter\/"]}]},{"@type":"ImageObject","inLanguage":"fr-FR","@id":"https:\/\/kaisaimoto.com\/product\/electric-ckd-electric-scooter\/#primaryimage","url":"https:\/\/kaisaimoto.com\/wp-content\/uploads\/2025\/08\/Haf4d0c3989d4400faf896946cd4708adv.webp","contentUrl":"https:\/\/kaisaimoto.com\/wp-content\/uploads\/2025\/08\/Haf4d0c3989d4400faf896946cd4708adv.webp","width":650,"height":650,"caption":"Electric Ckd Electric Scooter"},{"@type":"BreadcrumbList","@id":"https:\/\/kaisaimoto.com\/product\/electric-ckd-electric-scooter\/#breadcrumb","itemListElement":[{"@type":"ListItem","position":1,"name":"\u9996\u9875","item":"https:\/\/kaisaimoto.com\/"},{"@type":"ListItem","position":2,"name":"Store","item":"https:\/\/kaisaimoto.com\/store\/"},{"@type":"ListItem","position":3,"name":"Factory Directly Sale Electric Ckd Electric Scooter 2 Wheel Kick Motorcycle"}]},{"@type":"WebSite","@id":"https:\/\/kaisaimoto.com\/#website","url":"https:\/\/kaisaimoto.com\/","name":"Le principal fournisseur chinois de motos \u00e9lectriques et de v\u00e9los \u00e9lectriques","description":"Fabricant fiable de motos \u00e9lectriques abordables","publisher":{"@id":"https:\/\/kaisaimoto.com\/#organization"},"potentialAction":[{"@type":"SearchAction","target":{"@type":"EntryPoint","urlTemplate":"https:\/\/kaisaimoto.com\/?s={search_term_string}"},"query-input":{"@type":"PropertyValueSpecification","valueRequired":true,"valueName":"search_term_string"}}],"inLanguage":"fr-FR"},{"@type":"Organization","@id":"https:\/\/kaisaimoto.com\/#organization","name":"Le principal fournisseur chinois de motos \u00e9lectriques et de v\u00e9los \u00e9lectriques","url":"https:\/\/kaisaimoto.com\/","logo":{"@type":"ImageObject","inLanguage":"fr-FR","@id":"https:\/\/kaisaimoto.com\/#\/schema\/logo\/image\/","url":"https:\/\/kaisaimoto.com\/wp-content\/uploads\/2025\/08\/cropped-cropped-a3a04e143a1a2cc4a3a5c2da85f015c4-scaled-1.png","contentUrl":"https:\/\/kaisaimoto.com\/wp-content\/uploads\/2025\/08\/cropped-cropped-a3a04e143a1a2cc4a3a5c2da85f015c4-scaled-1.png","width":1247,"height":903,"caption":"China's Leading Electric Motorcycle & E-Bike Supplier"},"image":{"@id":"https:\/\/kaisaimoto.com\/#\/schema\/logo\/image\/"}}]}},"uagb_featured_image_src":{"full":["https:\/\/kaisaimoto.com\/wp-content\/uploads\/2025\/08\/Haf4d0c3989d4400faf896946cd4708adv.webp",650,650,false],"thumbnail":["https:\/\/kaisaimoto.com\/wp-content\/uploads\/2025\/08\/Haf4d0c3989d4400faf896946cd4708adv-150x150.webp",150,150,true],"medium":["https:\/\/kaisaimoto.com\/wp-content\/uploads\/2025\/08\/Haf4d0c3989d4400faf896946cd4708adv-300x300.webp",300,300,true],"medium_large":["https:\/\/kaisaimoto.com\/wp-content\/uploads\/2025\/08\/Haf4d0c3989d4400faf896946cd4708adv.webp",650,650,false],"large":["https:\/\/kaisaimoto.com\/wp-content\/uploads\/2025\/08\/Haf4d0c3989d4400faf896946cd4708adv.webp",650,650,false],"1536x1536":["https:\/\/kaisaimoto.com\/wp-content\/uploads\/2025\/08\/Haf4d0c3989d4400faf896946cd4708adv.webp",650,650,false],"2048x2048":["https:\/\/kaisaimoto.com\/wp-content\/uploads\/2025\/08\/Haf4d0c3989d4400faf896946cd4708adv.webp",650,650,false],"trp-custom-language-flag":["https:\/\/kaisaimoto.com\/wp-content\/uploads\/2025\/08\/Haf4d0c3989d4400faf896946cd4708adv.webp",12,12,false],"woocommerce_thumbnail":["https:\/\/kaisaimoto.com\/wp-content\/uploads\/2025\/08\/Haf4d0c3989d4400faf896946cd4708adv-300x300.webp",300,300,true],"woocommerce_single":["https:\/\/kaisaimoto.com\/wp-content\/uploads\/2025\/08\/Haf4d0c3989d4400faf896946cd4708adv-600x600.webp",600,600,true],"woocommerce_gallery_thumbnail":["https:\/\/kaisaimoto.com\/wp-content\/uploads\/2025\/08\/Haf4d0c3989d4400faf896946cd4708adv-100x100.webp",100,100,true]},"uagb_author_info":{"display_name":"cxgginsz@gmail.com","author_link":"https:\/\/kaisaimoto.com\/fr\/author\/"},"uagb_comment_info":0,"uagb_excerpt":"Bulk supply available: Stable inventory to meet large-order demands. Competitive wholesale pricing: Favorable margins for resellers. Diverse models: Wide range of options to cater to varied market needs. Efficient logistics: Streamlined delivery for bulk shipments. Support for resellers: Marketing materials and after-sales assistance available","_links":{"self":[{"href":"https:\/\/kaisaimoto.com\/fr\/wp-json\/wp\/v2\/product\/3229","targetHints":{"allow":["GET"]}}],"collection":[{"href":"https:\/\/kaisaimoto.com\/fr\/wp-json\/wp\/v2\/product"}],"about":[{"href":"https:\/\/kaisaimoto.com\/fr\/wp-json\/wp\/v2\/types\/product"}],"replies":[{"embeddable":true,"href":"https:\/\/kaisaimoto.com\/fr\/wp-json\/wp\/v2\/comments?post=3229"}],"wp:featuredmedia":[{"embeddable":true,"href":"https:\/\/kaisaimoto.com\/fr\/wp-json\/wp\/v2\/media\/3234"}],"wp:attachment":[{"href":"https:\/\/kaisaimoto.com\/fr\/wp-json\/wp\/v2\/media?parent=3229"}],"wp:term":[{"taxonomy":"product_brand","embeddable":true,"href":"https:\/\/kaisaimoto.com\/fr\/wp-json\/wp\/v2\/product_brand?post=3229"},{"taxonomy":"product_cat","embeddable":true,"href":"https:\/\/kaisaimoto.com\/fr\/wp-json\/wp\/v2\/product_cat?post=3229"},{"taxonomy":"product_tag","embeddable":true,"href":"https:\/\/kaisaimoto.com\/fr\/wp-json\/wp\/v2\/product_tag?post=3229"}],"curies":[{"name":"wp","href":"https:\/\/api.w.org\/{rel}","templated":true}]}}