{"id":991,"date":"2025-07-19T16:10:50","date_gmt":"2025-07-19T16:10:50","guid":{"rendered":"https:\/\/kaisaimoto.com\/checkout-2\/"},"modified":"2025-07-20T16:22:03","modified_gmt":"2025-07-20T16:22:03","slug":"checkout","status":"publish","type":"page","link":"https:\/\/kaisaimoto.com\/fr\/checkout\/","title":{"rendered":"V\u00e9rifier"},"content":{"rendered":"<div class=\"woocommerce\"><\/div>","protected":false},"excerpt":{"rendered":"","protected":false},"author":0,"featured_media":0,"parent":0,"menu_order":0,"comment_status":"closed","ping_status":"closed","template":"","meta":{"_uag_custom_page_level_css":"","site-sidebar-layout":"default","site-content-layout":"","ast-site-content-layout":"default","site-content-style":"default","site-sidebar-style":"default","ast-global-header-display":"","ast-banner-title-visibility":"","ast-main-header-display":"","ast-hfb-above-header-display":"","ast-hfb-below-header-display":"","ast-hfb-mobile-header-display":"","site-post-title":"","ast-breadcrumbs-content":"","ast-featured-img":"","footer-sml-layout":"","theme-transparent-header-meta":"","adv-header-id-meta":"","stick-header-meta":"","header-above-stick-meta":"","header-main-stick-meta":"","header-below-stick-meta":"","astra-migrate-meta-layouts":"default","ast-page-background-enabled":"default","ast-page-background-meta":{"desktop":{"background-color":"","background-image":"","background-repeat":"repeat","background-position":"center center","background-size":"auto","background-attachment":"scroll","background-type":"","background-media":"","overlay-type":"","overlay-color":"","overlay-opacity":"","overlay-gradient":""},"tablet":{"background-color":"","background-image":"","background-repeat":"repeat","background-position":"center center","background-size":"auto","background-attachment":"scroll","background-type":"","background-media":"","overlay-type":"","overlay-color":"","overlay-opacity":"","overlay-gradient":""},"mobile":{"background-color":"","background-image":"","background-repeat":"repeat","background-position":"center center","background-size":"auto","background-attachment":"scroll","background-type":"","background-media":"","overlay-type":"","overlay-color":"","overlay-opacity":"","overlay-gradient":""}},"ast-content-background-meta":{"desktop":{"background-color":"var(--ast-global-color-5)","background-image":"","background-repeat":"repeat","background-position":"center center","background-size":"auto","background-attachment":"scroll","background-type":"","background-media":"","overlay-type":"","overlay-color":"","overlay-opacity":"","overlay-gradient":""},"tablet":{"background-color":"var(--ast-global-color-5)","background-image":"","background-repeat":"repeat","background-position":"center center","background-size":"auto","background-attachment":"scroll","background-type":"","background-media":"","overlay-type":"","overlay-color":"","overlay-opacity":"","overlay-gradient":""},"mobile":{"background-color":"var(--ast-global-color-5)","background-image":"","background-repeat":"repeat","background-position":"center center","background-size":"auto","background-attachment":"scroll","background-type":"","background-media":"","overlay-type":"","overlay-color":"","overlay-opacity":"","overlay-gradient":""}},"footnotes":""},"class_list":["post-991","page","type-page","status-publish","hentry"],"yoast_head":"<!-- This site is optimized with the Yoast SEO plugin v25.8 - https:\/\/yoast.com\/wordpress\/plugins\/seo\/ -->\n<title>Checkout - Kaisai Electric Motorcycle<\/title>\n<meta name=\"description\" content=\"Checkout -\" \/>\n<meta name=\"robots\" content=\"index, follow, max-snippet:-1, max-image-preview:large, max-video-preview:-1\" \/>\n<link rel=\"canonical\" href=\"https:\/\/kaisaimoto.com\/fr\/checkout\/\" \/>\n<meta property=\"og:locale\" content=\"fr_FR\" \/>\n<meta property=\"og:type\" content=\"article\" \/>\n<meta property=\"og:title\" content=\"Checkout - Kaisai Electric Motorcycle\" \/>\n<meta property=\"og:description\" content=\"Checkout -\" \/>\n<meta property=\"og:url\" content=\"https:\/\/kaisaimoto.com\/fr\/checkout\/\" \/>\n<meta property=\"og:site_name\" content=\"Kaisai Electric Motorcycle\" \/>\n<meta property=\"article:modified_time\" content=\"2025-07-20T16:22:03+00:00\" \/>\n<meta property=\"og:image\" content=\"https:\/\/kaisaimoto.com\/wp-content\/uploads\/2025\/08\/cropped-a3a04e143a1a2cc4a3a5c2da85f015c4-scaled-2.png\" \/>\n\t<meta property=\"og:image:width\" content=\"512\" \/>\n\t<meta property=\"og:image:height\" content=\"512\" \/>\n\t<meta property=\"og:image:type\" content=\"image\/png\" \/>\n<meta name=\"twitter:card\" content=\"summary_large_image\" \/>\n<meta name=\"twitter:label1\" content=\"Dur\u00e9e de lecture estim\u00e9e\" \/>\n\t<meta name=\"twitter:data1\" content=\"1 minute\" \/>\n<script type=\"application\/ld+json\" class=\"yoast-schema-graph\">{\"@context\":\"https:\/\/schema.org\",\"@graph\":[{\"@type\":\"WebPage\",\"@id\":\"https:\/\/kaisaimoto.com\/fr\/checkout\/\",\"url\":\"https:\/\/kaisaimoto.com\/fr\/checkout\/\",\"name\":\"Checkout - Kaisai Electric Motorcycle\",\"isPartOf\":{\"@id\":\"https:\/\/kaisaimoto.com\/#website\"},\"datePublished\":\"2025-07-19T16:10:50+00:00\",\"dateModified\":\"2025-07-20T16:22:03+00:00\",\"description\":\"Checkout -\",\"breadcrumb\":{\"@id\":\"https:\/\/kaisaimoto.com\/fr\/checkout\/#breadcrumb\"},\"inLanguage\":\"fr-FR\",\"potentialAction\":[{\"@type\":\"ReadAction\",\"target\":[\"https:\/\/kaisaimoto.com\/fr\/checkout\/\"]}]},{\"@type\":\"BreadcrumbList\",\"@id\":\"https:\/\/kaisaimoto.com\/fr\/checkout\/#breadcrumb\",\"itemListElement\":[{\"@type\":\"ListItem\",\"position\":1,\"name\":\"\u9996\u9875\",\"item\":\"https:\/\/kaisaimoto.com\/\"},{\"@type\":\"ListItem\",\"position\":2,\"name\":\"Checkout\"}]},{\"@type\":\"WebSite\",\"@id\":\"https:\/\/kaisaimoto.com\/#website\",\"url\":\"https:\/\/kaisaimoto.com\/\",\"name\":\"China's Leading Electric Motorcycle & E-Bike Supplier\",\"description\":\"Reliable Source Manufacturer of Affordable Electric Motorcycle\",\"publisher\":{\"@id\":\"https:\/\/kaisaimoto.com\/#organization\"},\"potentialAction\":[{\"@type\":\"SearchAction\",\"target\":{\"@type\":\"EntryPoint\",\"urlTemplate\":\"https:\/\/kaisaimoto.com\/?s={search_term_string}\"},\"query-input\":{\"@type\":\"PropertyValueSpecification\",\"valueRequired\":true,\"valueName\":\"search_term_string\"}}],\"inLanguage\":\"fr-FR\"},{\"@type\":\"Organization\",\"@id\":\"https:\/\/kaisaimoto.com\/#organization\",\"name\":\"China's Leading Electric Motorcycle & E-Bike Supplier\",\"url\":\"https:\/\/kaisaimoto.com\/\",\"logo\":{\"@type\":\"ImageObject\",\"inLanguage\":\"fr-FR\",\"@id\":\"https:\/\/kaisaimoto.com\/#\/schema\/logo\/image\/\",\"url\":\"https:\/\/kaisaimoto.com\/wp-content\/uploads\/2025\/08\/cropped-cropped-a3a04e143a1a2cc4a3a5c2da85f015c4-scaled-1.png\",\"contentUrl\":\"https:\/\/kaisaimoto.com\/wp-content\/uploads\/2025\/08\/cropped-cropped-a3a04e143a1a2cc4a3a5c2da85f015c4-scaled-1.png\",\"width\":1247,\"height\":903,\"caption\":\"China's Leading Electric Motorcycle & E-Bike Supplier\"},\"image\":{\"@id\":\"https:\/\/kaisaimoto.com\/#\/schema\/logo\/image\/\"}}]}<\/script>\n<!-- \/ Yoast SEO plugin. -->","yoast_head_json":{"title":"D\u00e9couverte - Moto \u00e9lectrique Kaisai","description":"V\u00e9rifier -","robots":{"index":"index","follow":"follow","max-snippet":"max-snippet:-1","max-image-preview":"max-image-preview:large","max-video-preview":"max-video-preview:-1"},"canonical":"https:\/\/kaisaimoto.com\/fr\/checkout\/","og_locale":"fr_FR","og_type":"article","og_title":"Checkout - Kaisai Electric Motorcycle","og_description":"Checkout -","og_url":"https:\/\/kaisaimoto.com\/fr\/checkout\/","og_site_name":"Kaisai Electric Motorcycle","article_modified_time":"2025-07-20T16:22:03+00:00","og_image":[{"width":512,"height":512,"url":"https:\/\/kaisaimoto.com\/wp-content\/uploads\/2025\/08\/cropped-a3a04e143a1a2cc4a3a5c2da85f015c4-scaled-2.png","type":"image\/png"}],"twitter_card":"summary_large_image","twitter_misc":{"Dur\u00e9e de lecture estim\u00e9e":"1 minute"},"schema":{"@context":"https:\/\/schema.org","@graph":[{"@type":"WebPage","@id":"https:\/\/kaisaimoto.com\/fr\/checkout\/","url":"https:\/\/kaisaimoto.com\/fr\/checkout\/","name":"D\u00e9couverte - Moto \u00e9lectrique Kaisai","isPartOf":{"@id":"https:\/\/kaisaimoto.com\/#website"},"datePublished":"2025-07-19T16:10:50+00:00","dateModified":"2025-07-20T16:22:03+00:00","description":"V\u00e9rifier -","breadcrumb":{"@id":"https:\/\/kaisaimoto.com\/fr\/checkout\/#breadcrumb"},"inLanguage":"fr-FR","potentialAction":[{"@type":"ReadAction","target":["https:\/\/kaisaimoto.com\/fr\/checkout\/"]}]},{"@type":"BreadcrumbList","@id":"https:\/\/kaisaimoto.com\/fr\/checkout\/#breadcrumb","itemListElement":[{"@type":"ListItem","position":1,"name":"\u9996\u9875","item":"https:\/\/kaisaimoto.com\/"},{"@type":"ListItem","position":2,"name":"Checkout"}]},{"@type":"WebSite","@id":"https:\/\/kaisaimoto.com\/#website","url":"https:\/\/kaisaimoto.com\/","name":"Le principal fournisseur chinois de motos \u00e9lectriques et de v\u00e9los \u00e9lectriques","description":"Fabricant fiable de motos \u00e9lectriques abordables","publisher":{"@id":"https:\/\/kaisaimoto.com\/#organization"},"potentialAction":[{"@type":"SearchAction","target":{"@type":"EntryPoint","urlTemplate":"https:\/\/kaisaimoto.com\/?s={search_term_string}"},"query-input":{"@type":"PropertyValueSpecification","valueRequired":true,"valueName":"search_term_string"}}],"inLanguage":"fr-FR"},{"@type":"Organization","@id":"https:\/\/kaisaimoto.com\/#organization","name":"Le principal fournisseur chinois de motos \u00e9lectriques et de v\u00e9los \u00e9lectriques","url":"https:\/\/kaisaimoto.com\/","logo":{"@type":"ImageObject","inLanguage":"fr-FR","@id":"https:\/\/kaisaimoto.com\/#\/schema\/logo\/image\/","url":"https:\/\/kaisaimoto.com\/wp-content\/uploads\/2025\/08\/cropped-cropped-a3a04e143a1a2cc4a3a5c2da85f015c4-scaled-1.png","contentUrl":"https:\/\/kaisaimoto.com\/wp-content\/uploads\/2025\/08\/cropped-cropped-a3a04e143a1a2cc4a3a5c2da85f015c4-scaled-1.png","width":1247,"height":903,"caption":"China's Leading Electric Motorcycle & E-Bike Supplier"},"image":{"@id":"https:\/\/kaisaimoto.com\/#\/schema\/logo\/image\/"}}]}},"uagb_featured_image_src":{"full":false,"thumbnail":false,"medium":false,"medium_large":false,"large":false,"1536x1536":false,"2048x2048":false,"trp-custom-language-flag":false,"woocommerce_thumbnail":false,"woocommerce_single":false,"woocommerce_gallery_thumbnail":false},"uagb_author_info":{"display_name":"","author_link":"https:\/\/kaisaimoto.com\/fr\/author\/"},"uagb_comment_info":0,"uagb_excerpt":null,"_links":{"self":[{"href":"https:\/\/kaisaimoto.com\/fr\/wp-json\/wp\/v2\/pages\/991","targetHints":{"allow":["GET"]}}],"collection":[{"href":"https:\/\/kaisaimoto.com\/fr\/wp-json\/wp\/v2\/pages"}],"about":[{"href":"https:\/\/kaisaimoto.com\/fr\/wp-json\/wp\/v2\/types\/page"}],"replies":[{"embeddable":true,"href":"https:\/\/kaisaimoto.com\/fr\/wp-json\/wp\/v2\/comments?post=991"}],"version-history":[{"count":1,"href":"https:\/\/kaisaimoto.com\/fr\/wp-json\/wp\/v2\/pages\/991\/revisions"}],"predecessor-version":[{"id":1966,"href":"https:\/\/kaisaimoto.com\/fr\/wp-json\/wp\/v2\/pages\/991\/revisions\/1966"}],"wp:attachment":[{"href":"https:\/\/kaisaimoto.com\/fr\/wp-json\/wp\/v2\/media?parent=991"}],"curies":[{"name":"wp","href":"https:\/\/api.w.org\/{rel}","templated":true}]}}